{"id":1787,"date":"2020-07-14T11:28:10","date_gmt":"2020-07-14T09:28:10","guid":{"rendered":"https:\/\/22h.hu\/?page_id=1787"},"modified":"2021-01-29T13:20:47","modified_gmt":"2021-01-29T12:20:47","slug":"home-page","status":"publish","type":"page","link":"https:\/\/22h.hu\/en\/home-page\/","title":{"rendered":"Home page"},"content":{"rendered":"<p>[et_pb_section fb_built=&#8221;1&#8243; fullwidth=&#8221;on&#8221; _builder_version=&#8221;4.4.4&#8243;][et_pb_fullwidth_slider _builder_version=&#8221;4.6.0&#8243; custom_padding=&#8221;200px||200px||true|false&#8221; auto=&#8221;on&#8221; auto_speed=&#8221;6000&#8243; hover_transition_duration=&#8221;100ms&#8221; hover_enabled=&#8221;0&#8243; sticky_enabled=&#8221;0&#8243;][et_pb_slide _builder_version=&#8221;4.6.0&#8243; background_color=&#8221;rgba(0,0,0,0)&#8221; background_enable_color=&#8221;on&#8221; background_image=&#8221;https:\/\/22h.hu\/wp-content\/uploads\/2020\/06\/IMG_4492-1-scaled.jpg&#8221; background_enable_image=&#8221;on&#8221; hover_enabled=&#8221;0&#8243; sticky_transition=&#8221;on&#8221; heading=&#8221;Welcome to the home of champagne!&#8221; sticky_enabled=&#8221;0&#8243; use_bg_overlay=&#8221;on&#8221; bg_overlay_color=&#8221;rgba(0,0,0,0.39)&#8221;][\/et_pb_slide][et_pb_slide _builder_version=&#8221;4.4.8&#8243; background_color=&#8221;rgba(0,0,0,0)&#8221; background_enable_color=&#8221;on&#8221; background_image=&#8221;https:\/\/22h.hu\/wp-content\/uploads\/2020\/03\/22h-rendezveny-hero-2.jpg&#8221; background_enable_image=&#8221;on&#8221; sticky_transition=&#8221;on&#8221;][\/et_pb_slide][et_pb_slide _builder_version=&#8221;4.4.8&#8243; background_color=&#8221;rgba(0,0,0,0)&#8221; background_enable_color=&#8221;on&#8221; background_image=&#8221;https:\/\/22h.hu\/wp-content\/uploads\/2020\/07\/22h-kulteri-helyszin-hero-3.jpg&#8221; background_enable_image=&#8221;on&#8221; sticky_transition=&#8221;on&#8221;][\/et_pb_slide][\/et_pb_fullwidth_slider][\/et_pb_section][et_pb_section fb_built=&#8221;1&#8243; _builder_version=&#8221;4.0.11&#8243; custom_padding=&#8221;2px|||||&#8221; saved_tabs=&#8221;all&#8221;][et_pb_row column_structure=&#8221;1_4,1_2,1_4&#8243; _builder_version=&#8221;4.6.0&#8243; hover_enabled=&#8221;0&#8243; custom_padding=&#8221;||||false|false&#8221; sticky_enabled=&#8221;0&#8243;][et_pb_column type=&#8221;1_4&#8243; _builder_version=&#8221;4.0.11&#8243;][et_pb_image src=&#8221;https:\/\/22h.hu\/wp-content\/uploads\/2020\/01\/hotel-22-favicon.png&#8221; alt=&#8221;22 Hotel \u00e9s Rendezv\u00e9nyk\u00f6zpont ikon&#8221; disabled_on=&#8221;on|on|off&#8221; _builder_version=&#8221;4.4.4&#8243;][\/et_pb_image][\/et_pb_column][et_pb_column type=&#8221;1_2&#8243; _builder_version=&#8221;4.6.0&#8243; hover_enabled=&#8221;0&#8243; custom_padding=&#8221;4%||||false|false&#8221; sticky_enabled=&#8221;0&#8243;][et_pb_divider _builder_version=&#8221;4.3.4&#8243; width=&#8221;30%&#8221; module_alignment=&#8221;center&#8221; custom_margin=&#8221;||10px||false|false&#8221;][\/et_pb_divider][et_pb_text _builder_version=&#8221;4.6.0&#8243; text_orientation=&#8221;center&#8221;]<\/p>\n<p>The Event Center is located in the central part of Budafok, at 1221 Budapest Anna utca 9., next to the T\u00f6rley Castle and the T\u00f6rley Hungarikum Museum. The Event Center consists of four halls, their service units, an outdoor event venue, a 27-room Boutique Hotel and more than 100 parking space.<\/p>\n<p>[\/et_pb_text][\/et_pb_column][et_pb_column type=&#8221;1_4&#8243; _builder_version=&#8221;4.0.11&#8243;][et_pb_image src=&#8221;https:\/\/22h.hu\/wp-content\/uploads\/2020\/01\/hotel-22-favicon.png&#8221; alt=&#8221;22 Hotel \u00e9s Rendezv\u00e9nyk\u00f6zpont ikon&#8221; disabled_on=&#8221;on|on|off&#8221; _builder_version=&#8221;4.4.4&#8243;][\/et_pb_image][\/et_pb_column][\/et_pb_row][\/et_pb_section][et_pb_section fb_built=&#8221;1&#8243; _builder_version=&#8221;4.4.4&#8243; min_height=&#8221;339px&#8221; custom_margin=&#8221;-69px|||||&#8221; custom_padding=&#8221;56px||0px|||&#8221;][et_pb_row column_structure=&#8221;1_3,1_3,1_3&#8243; _builder_version=&#8221;4.4.4&#8243; width=&#8221;100%&#8221; min_height=&#8221;418px&#8221; custom_margin=&#8221;1px|auto||auto||&#8221; custom_padding=&#8221;||1px|||&#8221;][et_pb_column type=&#8221;1_3&#8243; _builder_version=&#8221;4.4.4&#8243;][et_pb_image src=&#8221;https:\/\/22h.hu\/wp-content\/uploads\/2020\/05\/22-rendezveny-borito-3.jpg&#8221; alt=&#8221;22 Rendezv\u00e9nyk\u00f6zpont bor\u00edt\u00f3k\u00e9p&#8221; url=&#8221;https:\/\/22h.hu\/en\/events\/&#8221; _builder_version=&#8221;4.4.8&#8243;][\/et_pb_image][et_pb_text _builder_version=&#8221;4.4.8&#8243; header_3_font=&#8221;Lora||||||||&#8221; header_3_text_align=&#8221;center&#8221; header_3_font_size=&#8221;26px&#8221;]<\/p>\n<h3>Event Center<\/h3>\n<p>[\/et_pb_text][\/et_pb_column][et_pb_column type=&#8221;1_3&#8243; _builder_version=&#8221;4.4.4&#8243;][et_pb_image src=&#8221;https:\/\/22h.hu\/wp-content\/uploads\/2020\/05\/22h-borito-hotel.jpg&#8221; url=&#8221;https:\/\/22h.hu\/en\/hotel\/&#8221; _builder_version=&#8221;4.4.8&#8243;][\/et_pb_image][et_pb_text _builder_version=&#8221;4.4.8&#8243; header_3_font=&#8221;Lora||||||||&#8221; header_3_text_align=&#8221;center&#8221; header_3_font_size=&#8221;26px&#8221;]<\/p>\n<h3>Boutique Hotel<\/h3>\n<p>[\/et_pb_text][\/et_pb_column][et_pb_column type=&#8221;1_3&#8243; _builder_version=&#8221;4.4.4&#8243;][et_pb_image src=&#8221;https:\/\/22h.hu\/wp-content\/uploads\/2020\/06\/pizza-szerkesztett-1.jpg&#8221; url=&#8221;https:\/\/pizza22.hu\/&#8221; _builder_version=&#8221;4.4.8&#8243; width=&#8221;100%&#8221;][\/et_pb_image][et_pb_text _builder_version=&#8221;4.4.8&#8243; header_3_font=&#8221;Lora||||||||&#8221; header_3_text_align=&#8221;center&#8221; header_3_font_size=&#8221;26px&#8221;]<\/p>\n<h3>Food order<\/h3>\n<p>[\/et_pb_text][\/et_pb_column][\/et_pb_row][\/et_pb_section]<\/p>\n","protected":false},"excerpt":{"rendered":"<p>The Event Center is located in the central part of Budafok, at 1221 Budapest Anna utca 9., next to the T\u00f6rley Castle and the T\u00f6rley Hungarikum Museum. The Event Center consists of four halls, their service units, an outdoor event venue, a 27-room Boutique Hotel and more than 100 parking space.Event CenterBoutique HotelFood order<\/p>\n","protected":false},"author":1,"featured_media":0,"parent":0,"menu_order":0,"comment_status":"closed","ping_status":"closed","template":"","meta":{"_et_pb_use_builder":"on","_et_pb_old_content":"[et_pb_section fb_built=\"1\" fullwidth=\"on\" _builder_version=\"4.4.4\"][et_pb_fullwidth_slider _builder_version=\"4.4.8\" custom_padding=\"200px||200px||true|false\" auto=\"on\" auto_speed=\"6000\" hover_transition_duration=\"100ms\" hover_enabled=\"0\"][et_pb_slide _builder_version=\"4.4.4\" background_color=\"rgba(0,0,0,0)\" background_enable_color=\"on\" background_image=\"https:\/\/22h.hu\/wp-content\/uploads\/2020\/06\/IMG_4492-1-scaled.jpg\" background_enable_image=\"on\"][\/et_pb_slide][et_pb_slide _builder_version=\"4.4.8\" background_color=\"rgba(0,0,0,0)\" background_enable_color=\"on\" background_image=\"https:\/\/22h.hu\/wp-content\/uploads\/2020\/03\/22h-rendezveny-hero-2.jpg\" background_enable_image=\"on\" hover_enabled=\"0\" alt=\"22 Hotel \u00e9s Rendezv\u00e9nyk\u00f6zpont nagyterem\" title_text=\"22 Hotel \u00e9s Rendezv\u00e9nyk\u00f6zpont nagyterem\"][\/et_pb_slide][et_pb_slide _builder_version=\"4.4.8\" background_color=\"rgba(0,0,0,0)\" background_enable_color=\"on\" background_image=\"https:\/\/22h.hu\/wp-content\/uploads\/2020\/06\/22h-kulter-kapolna.jpg\" background_enable_image=\"on\" hover_enabled=\"0\"][\/et_pb_slide][\/et_pb_fullwidth_slider][\/et_pb_section][et_pb_section fb_built=\"1\" _builder_version=\"4.0.11\" custom_padding=\"2px|||||\" global_module=\"193\" saved_tabs=\"all\"][et_pb_row column_structure=\"1_4,1_2,1_4\" _builder_version=\"4.0.11\"][et_pb_column type=\"1_4\" _builder_version=\"4.0.11\"][et_pb_image src=\"https:\/\/22h.hu\/wp-content\/uploads\/2020\/01\/hotel-22-favicon.png\" alt=\"22 Hotel \u00e9s Rendezv\u00e9nyk\u00f6zpont ikon\" disabled_on=\"on|on|off\" _builder_version=\"4.4.4\"][\/et_pb_image][\/et_pb_column][et_pb_column type=\"1_2\" _builder_version=\"4.0.11\"][et_pb_text _builder_version=\"4.4.4\" header_2_font_size=\"40px\" text_orientation=\"center\"]\n<h2><span style=\"color: #b09b66;\">\u00dcdv\u00f6z\u00f6lj\u00fck a pezsg\u0151 haz\u00e1j\u00e1ban!<\/span><\/h2>\n[\/et_pb_text][et_pb_divider _builder_version=\"4.3.4\" width=\"30%\" module_alignment=\"center\" custom_margin=\"||10px||false|false\"][\/et_pb_divider][et_pb_text _builder_version=\"4.4.4\" text_orientation=\"center\"]\n<p style=\"text-align: justify;\">22 Rendezv\u00e9nyk\u00f6zpont Budafok k\u00f6zponti r\u00e9sz\u00e9n 1221 Budapest Anna utca 9. sz\u00e1m alatt helyezkedik el A T\u00f6rley Kast\u00e9ly \u00e9s T\u00f6rley Hungarikum M\u00fazeum t\u0151szomsz\u00e9ds\u00e1g\u00e1ban. A Rendezv\u00e9nyk\u00f6zpont n\u00e9gy teremb\u0151l, azok kiszolg\u00e1l\u00f3 egys\u00e9geib\u0151l, egy k\u00fclt\u00e9ri rendezv\u00e9nyhelysz\u00ednb\u0151l, 27 szob\u00e1s Boutique Hotelb\u0151l \u00e9s t\u00f6bb mint 100 db g\u00e9pkocsi parkol\u00f3b\u00f3l alkot eg\u00e9szet.<\/p>\n[\/et_pb_text][\/et_pb_column][et_pb_column type=\"1_4\" _builder_version=\"4.0.11\"][et_pb_image src=\"https:\/\/22h.hu\/wp-content\/uploads\/2020\/01\/hotel-22-favicon.png\" alt=\"22 Hotel \u00e9s Rendezv\u00e9nyk\u00f6zpont ikon\" disabled_on=\"on|on|off\" _builder_version=\"4.4.4\"][\/et_pb_image][\/et_pb_column][\/et_pb_row][\/et_pb_section][et_pb_section fb_built=\"1\" _builder_version=\"4.4.4\" min_height=\"339px\" custom_margin=\"-69px|||||\" custom_padding=\"56px||0px|||\"][et_pb_row column_structure=\"1_3,1_3,1_3\" _builder_version=\"4.4.4\" width=\"100%\" min_height=\"418px\" custom_margin=\"1px|auto||auto||\" custom_padding=\"||1px|||\"][et_pb_column type=\"1_3\" _builder_version=\"4.4.4\"][et_pb_image src=\"https:\/\/22h.hu\/wp-content\/uploads\/2020\/05\/22-rendezveny-borito-3.jpg\" alt=\"22 Rendezv\u00e9nyk\u00f6zpont bor\u00edt\u00f3k\u00e9p\" url=\"https:\/\/22h.hu\/rendezvenyek\/\" _builder_version=\"4.4.4\"][\/et_pb_image][\/et_pb_column][et_pb_column type=\"1_3\" _builder_version=\"4.4.4\"][et_pb_image src=\"https:\/\/22h.hu\/wp-content\/uploads\/2020\/05\/22h-borito-hotel.jpg\" url=\"https:\/\/22h.hu\/hotel\/\" _builder_version=\"4.4.4\"][\/et_pb_image][\/et_pb_column][et_pb_column type=\"1_3\" _builder_version=\"4.4.4\"][et_pb_image src=\"https:\/\/22h.hu\/wp-content\/uploads\/2020\/06\/pizza-szerkesztett-1.jpg\" url=\"https:\/\/pizza22.hu\/\" _builder_version=\"4.4.4\" width=\"100%\"][\/et_pb_image][\/et_pb_column][\/et_pb_row][\/et_pb_section]","_et_gb_content_width":"","footnotes":""},"yoast_head":"<!-- This site is optimized with the Yoast SEO plugin v21.5 - https:\/\/yoast.com\/wordpress\/plugins\/seo\/ -->\n<title>Home page - Hotel \u00e9s Rendezv\u00e9nyk\u00f6zpont<\/title>\n<meta name=\"robots\" content=\"index, follow, max-snippet:-1, max-image-preview:large, max-video-preview:-1\" \/>\n<link rel=\"canonical\" href=\"https:\/\/22h.hu\/en\/\" \/>\n<meta property=\"og:locale\" content=\"en_US\" \/>\n<meta property=\"og:type\" content=\"article\" \/>\n<meta property=\"og:title\" content=\"Home page - Hotel \u00e9s Rendezv\u00e9nyk\u00f6zpont\" \/>\n<meta property=\"og:description\" content=\"The Event Center is located in the central part of Budafok, at 1221 Budapest Anna utca 9., next to the T\u00f6rley Castle and the T\u00f6rley Hungarikum Museum. The Event Center consists of four halls, their service units, an outdoor event venue, a 27-room Boutique Hotel and more than 100 parking space.Event CenterBoutique HotelFood order\" \/>\n<meta property=\"og:url\" content=\"https:\/\/22h.hu\/en\/\" \/>\n<meta property=\"og:site_name\" content=\"Hotel \u00e9s Rendezv\u00e9nyk\u00f6zpont\" \/>\n<meta property=\"article:publisher\" content=\"https:\/\/www.facebook.com\/22hotelesrendezvenykozpont\/\" \/>\n<meta property=\"article:modified_time\" content=\"2021-01-29T12:20:47+00:00\" \/>\n<meta property=\"og:image\" content=\"https:\/\/22h.hu\/wp-content\/uploads\/2020\/04\/22h-kezdolap-rendezvenykozpont.jpg\" \/>\n<meta name=\"twitter:card\" content=\"summary_large_image\" \/>\n<meta name=\"twitter:label1\" content=\"Est. reading time\" \/>\n\t<meta name=\"twitter:data1\" content=\"3 minutes\" \/>\n<script type=\"application\/ld+json\" class=\"yoast-schema-graph\">{\"@context\":\"https:\/\/schema.org\",\"@graph\":[{\"@type\":\"WebPage\",\"@id\":\"https:\/\/22h.hu\/en\/\",\"url\":\"https:\/\/22h.hu\/en\/\",\"name\":\"Home page - Hotel \u00e9s Rendezv\u00e9nyk\u00f6zpont\",\"isPartOf\":{\"@id\":\"https:\/\/22h.hu\/#website\"},\"datePublished\":\"2020-07-14T09:28:10+00:00\",\"dateModified\":\"2021-01-29T12:20:47+00:00\",\"breadcrumb\":{\"@id\":\"https:\/\/22h.hu\/en\/#breadcrumb\"},\"inLanguage\":\"en-US\",\"potentialAction\":[{\"@type\":\"ReadAction\",\"target\":[\"https:\/\/22h.hu\/en\/\"]}]},{\"@type\":\"BreadcrumbList\",\"@id\":\"https:\/\/22h.hu\/en\/#breadcrumb\",\"itemListElement\":[{\"@type\":\"ListItem\",\"position\":1,\"name\":\"Home\",\"item\":\"https:\/\/22h.hu\/\"},{\"@type\":\"ListItem\",\"position\":2,\"name\":\"Home page\"}]},{\"@type\":\"WebSite\",\"@id\":\"https:\/\/22h.hu\/#website\",\"url\":\"https:\/\/22h.hu\/\",\"name\":\"22 Hotel \u00e9s Rendezv\u00e9nyk\u00f6zpont\",\"description\":\"Leny\u0171g\u00f6z\u0151 hotel \u00e9s rendezv\u00e9nyk\u00f6zpont Budafok k\u00f6zponti r\u00e9sz\u00e9n a XXII. ker\u00fcletben\",\"publisher\":{\"@id\":\"https:\/\/22h.hu\/#organization\"},\"potentialAction\":[{\"@type\":\"SearchAction\",\"target\":{\"@type\":\"EntryPoint\",\"urlTemplate\":\"https:\/\/22h.hu\/?s={search_term_string}\"},\"query-input\":\"required name=search_term_string\"}],\"inLanguage\":\"en-US\"},{\"@type\":\"Organization\",\"@id\":\"https:\/\/22h.hu\/#organization\",\"name\":\"22 Hotel \u00e9s Rendezv\u00e9nyk\u00f6zpont\",\"url\":\"https:\/\/22h.hu\/\",\"logo\":{\"@type\":\"ImageObject\",\"inLanguage\":\"en-US\",\"@id\":\"https:\/\/22h.hu\/#\/schema\/logo\/image\/\",\"url\":\"https:\/\/22h.hu\/wp-content\/uploads\/2020\/03\/rendezveny-hotel-logo.svg\",\"contentUrl\":\"https:\/\/22h.hu\/wp-content\/uploads\/2020\/03\/rendezveny-hotel-logo.svg\",\"width\":1233,\"height\":168,\"caption\":\"22 Hotel \u00e9s Rendezv\u00e9nyk\u00f6zpont\"},\"image\":{\"@id\":\"https:\/\/22h.hu\/#\/schema\/logo\/image\/\"},\"sameAs\":[\"https:\/\/www.facebook.com\/22hotelesrendezvenykozpont\/\",\"https:\/\/www.instagram.com\/22rendezvenykozponteshotel\/\"]}]}<\/script>\n<!-- \/ Yoast SEO plugin. -->","yoast_head_json":{"title":"Home page - Hotel \u00e9s Rendezv\u00e9nyk\u00f6zpont","robots":{"index":"index","follow":"follow","max-snippet":"max-snippet:-1","max-image-preview":"max-image-preview:large","max-video-preview":"max-video-preview:-1"},"canonical":"https:\/\/22h.hu\/en\/","og_locale":"en_US","og_type":"article","og_title":"Home page - Hotel \u00e9s Rendezv\u00e9nyk\u00f6zpont","og_description":"The Event Center is located in the central part of Budafok, at 1221 Budapest Anna utca 9., next to the T\u00f6rley Castle and the T\u00f6rley Hungarikum Museum. The Event Center consists of four halls, their service units, an outdoor event venue, a 27-room Boutique Hotel and more than 100 parking space.Event CenterBoutique HotelFood order","og_url":"https:\/\/22h.hu\/en\/","og_site_name":"Hotel \u00e9s Rendezv\u00e9nyk\u00f6zpont","article_publisher":"https:\/\/www.facebook.com\/22hotelesrendezvenykozpont\/","article_modified_time":"2021-01-29T12:20:47+00:00","og_image":[{"url":"https:\/\/22h.hu\/wp-content\/uploads\/2020\/04\/22h-kezdolap-rendezvenykozpont.jpg"}],"twitter_card":"summary_large_image","twitter_misc":{"Est. reading time":"3 minutes"},"schema":{"@context":"https:\/\/schema.org","@graph":[{"@type":"WebPage","@id":"https:\/\/22h.hu\/en\/","url":"https:\/\/22h.hu\/en\/","name":"Home page - Hotel \u00e9s Rendezv\u00e9nyk\u00f6zpont","isPartOf":{"@id":"https:\/\/22h.hu\/#website"},"datePublished":"2020-07-14T09:28:10+00:00","dateModified":"2021-01-29T12:20:47+00:00","breadcrumb":{"@id":"https:\/\/22h.hu\/en\/#breadcrumb"},"inLanguage":"en-US","potentialAction":[{"@type":"ReadAction","target":["https:\/\/22h.hu\/en\/"]}]},{"@type":"BreadcrumbList","@id":"https:\/\/22h.hu\/en\/#breadcrumb","itemListElement":[{"@type":"ListItem","position":1,"name":"Home","item":"https:\/\/22h.hu\/"},{"@type":"ListItem","position":2,"name":"Home page"}]},{"@type":"WebSite","@id":"https:\/\/22h.hu\/#website","url":"https:\/\/22h.hu\/","name":"22 Hotel \u00e9s Rendezv\u00e9nyk\u00f6zpont","description":"Leny\u0171g\u00f6z\u0151 hotel \u00e9s rendezv\u00e9nyk\u00f6zpont Budafok k\u00f6zponti r\u00e9sz\u00e9n a XXII. ker\u00fcletben","publisher":{"@id":"https:\/\/22h.hu\/#organization"},"potentialAction":[{"@type":"SearchAction","target":{"@type":"EntryPoint","urlTemplate":"https:\/\/22h.hu\/?s={search_term_string}"},"query-input":"required name=search_term_string"}],"inLanguage":"en-US"},{"@type":"Organization","@id":"https:\/\/22h.hu\/#organization","name":"22 Hotel \u00e9s Rendezv\u00e9nyk\u00f6zpont","url":"https:\/\/22h.hu\/","logo":{"@type":"ImageObject","inLanguage":"en-US","@id":"https:\/\/22h.hu\/#\/schema\/logo\/image\/","url":"https:\/\/22h.hu\/wp-content\/uploads\/2020\/03\/rendezveny-hotel-logo.svg","contentUrl":"https:\/\/22h.hu\/wp-content\/uploads\/2020\/03\/rendezveny-hotel-logo.svg","width":1233,"height":168,"caption":"22 Hotel \u00e9s Rendezv\u00e9nyk\u00f6zpont"},"image":{"@id":"https:\/\/22h.hu\/#\/schema\/logo\/image\/"},"sameAs":["https:\/\/www.facebook.com\/22hotelesrendezvenykozpont\/","https:\/\/www.instagram.com\/22rendezvenykozponteshotel\/"]}]}},"_links":{"self":[{"href":"https:\/\/22h.hu\/en\/wp-json\/wp\/v2\/pages\/1787"}],"collection":[{"href":"https:\/\/22h.hu\/en\/wp-json\/wp\/v2\/pages"}],"about":[{"href":"https:\/\/22h.hu\/en\/wp-json\/wp\/v2\/types\/page"}],"author":[{"embeddable":true,"href":"https:\/\/22h.hu\/en\/wp-json\/wp\/v2\/users\/1"}],"replies":[{"embeddable":true,"href":"https:\/\/22h.hu\/en\/wp-json\/wp\/v2\/comments?post=1787"}],"version-history":[{"count":0,"href":"https:\/\/22h.hu\/en\/wp-json\/wp\/v2\/pages\/1787\/revisions"}],"wp:attachment":[{"href":"https:\/\/22h.hu\/en\/wp-json\/wp\/v2\/media?parent=1787"}],"curies":[{"name":"wp","href":"https:\/\/api.w.org\/{rel}","templated":true}]}}