{"id":1814,"date":"2020-07-14T12:12:45","date_gmt":"2020-07-14T10:12:45","guid":{"rendered":"https:\/\/22h.hu\/?page_id=1814"},"modified":"2020-07-14T17:59:07","modified_gmt":"2020-07-14T15:59:07","slug":"about-us","status":"publish","type":"page","link":"https:\/\/22h.hu\/en\/about-us\/","title":{"rendered":"About us"},"content":{"rendered":"<p>[et_pb_section fb_built=&#8221;1&#8243; _builder_version=&#8221;4.4.4&#8243; background_enable_color=&#8221;off&#8221; use_background_color_gradient=&#8221;on&#8221; background_color_gradient_start=&#8221;rgba(0,0,0,0.43)&#8221; background_color_gradient_end=&#8221;rgba(255,255,255,0)&#8221; background_color_gradient_direction=&#8221;90deg&#8221; background_image=&#8221;https:\/\/22h.hu\/wp-content\/uploads\/2020\/02\/22h-francois-pezsgogyar.jpg&#8221; background_blend=&#8221;overlay&#8221; custom_padding=&#8221;5%||5%||false|false&#8221;][et_pb_row _builder_version=&#8221;4.0.11&#8243;][et_pb_column type=&#8221;4_4&#8243; _builder_version=&#8221;4.0.11&#8243;][et_pb_text _builder_version=&#8221;4.4.8&#8243; header_text_color=&#8221;#ffffff&#8221; header_font_size=&#8221;72px&#8221; text_orientation=&#8221;center&#8221; header_font_size_tablet=&#8221;50px&#8221; header_font_size_phone=&#8221;32px&#8221; header_font_size_last_edited=&#8221;on|desktop&#8221;]<\/p>\n<h1>About us<\/h1>\n<p>[\/et_pb_text][\/et_pb_column][\/et_pb_row][\/et_pb_section][et_pb_section fb_built=&#8221;1&#8243; _builder_version=&#8221;4.0.11&#8243; custom_padding=&#8221;0px|||||&#8221;][et_pb_row column_structure=&#8221;1_5,3_5,1_5&#8243; _builder_version=&#8221;4.0.11&#8243;][et_pb_column type=&#8221;1_5&#8243; _builder_version=&#8221;4.0.11&#8243;][et_pb_image src=&#8221;https:\/\/22h.hu\/wp-content\/uploads\/2020\/01\/boutique-hotel-22-ikon.svg&#8221; disabled_on=&#8221;on|on|off&#8221; _builder_version=&#8221;4.0.11&#8243; filter_opacity=&#8221;10%&#8221;][\/et_pb_image][\/et_pb_column][et_pb_column type=&#8221;3_5&#8243; _builder_version=&#8221;4.0.11&#8243;][et_pb_text content_last_edited=&#8221;off|desktop&#8221; _builder_version=&#8221;4.4.8&#8243; header_2_font_size=&#8221;40px&#8221; text_orientation=&#8221;center&#8221; header_2_font_size_tablet=&#8221;32px&#8221; header_2_font_size_phone=&#8221;28px&#8221; header_2_font_size_last_edited=&#8221;on|phone&#8221;]<\/p>\n<h2><span color=\"#b09b66\" style=\"color: #b09b66;\">Everything in one place!<\/span><\/h2>\n<p>[\/et_pb_text][et_pb_divider _builder_version=&#8221;4.0.11&#8243; width=&#8221;30%&#8221; module_alignment=&#8221;center&#8221;][\/et_pb_divider][et_pb_text _builder_version=&#8221;4.4.8&#8243; text_orientation=&#8221;center&#8221; custom_margin=&#8221;||3%||false|false&#8221; hover_enabled=&#8221;0&#8243;]<\/p>\n<p>Louis Fran\u00e7ois, a champagne master from Reims, France, was lured to Hungary by champagne maker J\u00f3zsef T\u00f6rley and after four years of fruitful cooperation he became independent in 1886 and in the meantime founded his own champagne factory under the name Louis Fran\u00e7ois et Co. Budafok with his brother C\u00e9sar, who also settled down in Budafok.<\/p>\n<p>Back in that year, a total of 7,243 bottles of champagne were manifactured. This began the spectacular development of the plant created by Philipe Fran\u00e7ois, son of the champagne master from the Montigny champagne factory in Champagne, which contributed greatly to the development and recognition of the production of champagne in Budafok.<\/p>\n<p>The story of Fran\u00e7ois and T\u00f6rley continues in 1982, when, on the 100th anniversary of the T\u00f6rley champagne factory, the name was purchased from the family and the original cellars were renovated. The Fran\u00e7ois champagne factory, which has always been sensitive to quality, has since made only the highest quality champagnes from Chardonnay and Pinot Noir grapes from its own plantation in the Etyek-Buda wine region. The brand also pays special attention during development and production to offer champagnes that perfectly match the domestic taste world.<\/p>\n<p>In 2016, our company purchased the former Francois Great Hall and the Zsolnay Hall connected to it, as well as the adjoining 1000 m2 vaulted cellar, and the additional buildings with the associated 6500 m2 site.<\/p>\n<p>The property was built from huge blocks of limestone by hand, in accordance with the 19th century constructions.<\/p>\n<p>The complete reconstruction of the Event Center in the center of Budafok downtown lasted from 2017 to the present day.<\/p>\n<p>We have created an event center on the 6500 m2 site, which is now landscaped, with four function rooms, a hotel, a kitchen equipped with a large industrial machine park, bars, a garden, a 1000 m2 outdoor happiness gate, event venue and with more than 100 paved parking lots.<\/p>\n<p>[\/et_pb_text][et_pb_image src=&#8221;https:\/\/22h.hu\/wp-content\/uploads\/2020\/06\/budafok-anna-utca-9-helyszinrajz.jpg&#8221; show_in_lightbox=&#8221;on&#8221; _builder_version=&#8221;4.4.8&#8243;][\/et_pb_image][\/et_pb_column][et_pb_column type=&#8221;1_5&#8243; _builder_version=&#8221;4.0.11&#8243;][et_pb_image src=&#8221;https:\/\/22h.hu\/wp-content\/uploads\/2020\/01\/boutique-hotel-22-ikon.svg&#8221; disabled_on=&#8221;on|on|off&#8221; _builder_version=&#8221;4.0.11&#8243; filter_opacity=&#8221;10%&#8221;][\/et_pb_image][\/et_pb_column][\/et_pb_row][et_pb_row use_custom_gutter=&#8221;on&#8221; gutter_width=&#8221;2&#8243; _builder_version=&#8221;4.4.8&#8243;][et_pb_column type=&#8221;4_4&#8243; _builder_version=&#8221;4.4.8&#8243;][et_pb_gallery gallery_ids=&#8221;1238,1240,1242,1243,1244,1245,1247,1246&#8243; posts_number=&#8221;12&#8243; show_title_and_caption=&#8221;off&#8221; show_pagination=&#8221;off&#8221; _builder_version=&#8221;4.4.8&#8243;][\/et_pb_gallery][\/et_pb_column][\/et_pb_row][\/et_pb_section]<\/p>\n","protected":false},"excerpt":{"rendered":"<p>About usEverything in one place!Louis Fran\u00e7ois, a champagne master from Reims, France, was lured to Hungary by champagne maker J\u00f3zsef T\u00f6rley and after four years of fruitful cooperation he became independent in 1886 and in the meantime founded his own champagne factory under the name Louis Fran\u00e7ois et Co. Budafok with his brother C\u00e9sar, who [&hellip;]<\/p>\n","protected":false},"author":1,"featured_media":0,"parent":0,"menu_order":0,"comment_status":"closed","ping_status":"closed","template":"","meta":{"_et_pb_use_builder":"on","_et_pb_old_content":"[et_pb_section fb_built=\"1\" _builder_version=\"4.4.4\" background_enable_color=\"off\" use_background_color_gradient=\"on\" background_color_gradient_start=\"rgba(0,0,0,0.43)\" background_color_gradient_end=\"rgba(255,255,255,0)\" background_color_gradient_direction=\"90deg\" background_image=\"https:\/\/22h.hu\/wp-content\/uploads\/2020\/02\/22h-francois-pezsgogyar.jpg\" background_blend=\"overlay\" custom_padding=\"5%||5%||false|false\"][et_pb_row _builder_version=\"4.0.11\"][et_pb_column type=\"4_4\" _builder_version=\"4.0.11\"][et_pb_text _builder_version=\"4.3.1\" header_text_color=\"#ffffff\" header_font_size=\"72px\" text_orientation=\"center\" header_font_size_tablet=\"50px\" header_font_size_phone=\"32px\" header_font_size_last_edited=\"on|desktop\"]\n<h1>T\u00f6rt\u00e9net\u00fcnk<\/h1>\n[\/et_pb_text][\/et_pb_column][\/et_pb_row][\/et_pb_section][et_pb_section fb_built=\"1\" _builder_version=\"4.0.11\" custom_padding=\"0px|||||\"][et_pb_row column_structure=\"1_5,3_5,1_5\" _builder_version=\"4.0.11\"][et_pb_column type=\"1_5\" _builder_version=\"4.0.11\"][et_pb_image src=\"https:\/\/22h.hu\/wp-content\/uploads\/2020\/01\/boutique-hotel-22-ikon.svg\" disabled_on=\"on|on|off\" _builder_version=\"4.0.11\" filter_opacity=\"10%\"][\/et_pb_image][\/et_pb_column][et_pb_column type=\"3_5\" _builder_version=\"4.0.11\"][et_pb_text content_phone=\"\n<h2>Leny\u0171g\u00f6z\u0151 rendezv\u00e9nyk\u00f6zpont Budafok k\u00f6zponti r\u00e9sz\u00e9n a <span style=\"%22color:\" #b09b66;%22=\"\">XXII. ker\u00fcletben<\/span><\/h2>\n\" content_last_edited=\"off|desktop\" _builder_version=\"4.4.4\" header_2_font_size=\"40px\" text_orientation=\"center\" header_2_font_size_tablet=\"32px\" header_2_font_size_phone=\"28px\" header_2_font_size_last_edited=\"on|phone\"]\n<h2><span color=\"#b09b66\" style=\"color: #b09b66;\">MINDENT EGY HELYEN!<\/span><\/h2>\n[\/et_pb_text][et_pb_divider _builder_version=\"4.0.11\" width=\"30%\" module_alignment=\"center\"][\/et_pb_divider][et_pb_text _builder_version=\"4.4.8\" text_orientation=\"center\" custom_margin=\"||3%||false|false\" hover_enabled=\"0\"]\n\nLouis Fran\u00e7ois, a franciaorsz\u00e1gi Reimsb\u0151l T\u00f6rley J\u00f3zsef pezsg\u0151gy\u00e1ros \u00e1ltal Magyarorsz\u00e1gra cs\u00e1b\u00edtott pezsg\u0151mester n\u00e9gy\u00e9vi gy\u00fcm\u00f6lcs\u00f6z\u0151 egy\u00fcttm\u0171k\u00f6d\u00e9s ut\u00e1n, 1886-ban \u00f6n\u00e1ll\u00f3s\u00edtotta mag\u00e1t, \u00e9s az id\u0151k\u00f6zben szint\u00e9n Budafokra telep\u00fclt \u00f6ccs\u00e9vel, C\u00e9sarral megalap\u00edtotta saj\u00e1t pezsg\u0151gy\u00e1r\u00e1t Louis Fran\u00e7ois et Co. Budafok n\u00e9ven. M\u00e9g abban az \u00e9vben 7243 palack pezsg\u0151t t\u00f6lt\u00f6ttek le. Ezzel elkezd\u0151d\u00f6tt Philipe Fran\u00e7ois, a champagne-i Montigny pezsg\u0151gy\u00e1r pezsg\u0151mester\u00e9nek Magyarorsz\u00e1gra sz\u00e1rmazott fiai \u00e1ltal l\u00e9trehozott \u00fczem l\u00e1tv\u00e1nyos fejl\u0151d\u00e9se, mely nagym\u00e9rt\u00e9kben hozz\u00e1j\u00e1rult a budafoki pezsg\u0151gy\u00e1rt\u00e1s fejl\u0151d\u00e9s\u00e9hez \u00e9s elismertet\u00e9s\u00e9hez.\n\nA Fran\u00e7ois \u00e9s T\u00f6rley k\u00f6z\u00f6s t\u00f6rt\u00e9nete 1982-ben folytat\u00f3dik, amikor is a T\u00f6rley pezsg\u0151gy\u00e1r 100 \u00e9ves jubileum\u00e1n megv\u00e1s\u00e1rolva a csal\u00e1dt\u00f3l a n\u00e9vhaszn\u00e1latot \u00e9s fel\u00faj\u00edtotta az eredeti pinc\u00e9ket. A min\u0151s\u00e9gre mindig k\u00e9nyesen \u00fcgyel\u0151 Fran\u00e7ois pezsg\u0151gy\u00e1rban az\u00f3ta is kiz\u00e1r\u00f3lag az Etyek-Budai borvid\u00e9ken tal\u00e1lhat\u00f3 saj\u00e1t \u00fcltetv\u00e9nyr\u0151l sz\u00e1rmaz\u00f3 Chardonnay \u00e9s Pinot Noir fajt\u00e1j\u00fa sz\u0151l\u0151b\u0151l k\u00e9sz\u00fclnek a kiv\u00e1l\u00f3bbn\u00e1l kiv\u00e1l\u00f3bb pezsg\u0151k. A m\u00e1rka a fejleszt\u00e9s \u00e9s gy\u00e1rt\u00e1s sor\u00e1n is k\u00fcl\u00f6n\u00f6s figyelmet szentel arra, hogy olyan pezsg\u0151ket k\u00edn\u00e1ljon, amelyek t\u00f6k\u00e9letesen illeszkednek a hazai \u00edzl\u00e9svil\u00e1ghoz.\n\n2016-ban c\u00e9g\u00fcnk v\u00e1s\u00e1rolta meg a volt Francois Nagytermet \u00e9s az ahhoz kapcsolt Zsolnay termet illetve az ehhez csatlakoz\u00f3 1000m2-es bolt\u00edves pincer\u00e9szt, kieg\u00e9sz\u00edt\u0151 \u00e9p\u00fcleteket a hozz\u00e1tartoz\u00f3 6500 m2-es telekkel.\n\nAz ingatlan az akkori 19. sz\u00e1zadi \u00e9p\u00edtkez\u00e9seknek megfelel\u0151en hatalmas m\u00e9szk\u0151 t\u00f6mb\u00f6kb\u0151l \u00e9p\u00fclt k\u00e9zi kivitelez\u00e9ssel.\n\nA Budafok belv\u00e1ros k\u00f6zep\u00e9n tal\u00e1lhat\u00f3 Rendezv\u00e9nyk\u00f6zpont teljes rekonstrukci\u00f3ja 2017-t\u0151l napjainkig tartott.\n\nA 6500 m2-es m\u00e1ra m\u00e1r parkos\u00edtott telken l\u00e9trehoztunk egy rendezv\u00e9nyk\u00f6zpontot, n\u00e9gy rendezv\u00e9nyteremmel, hotellel, nagyipari g\u00e9pparkkal felszerelt konyh\u00e1val, b\u00e1rokkal, kerthelyis\u00e9ggel, 1000 m2-es k\u00fclt\u00e9ri boldogs\u00e1gkapus rendezv\u00e9ny helysz\u00ednnel \u00e9s t\u00f6bb mint 100 aszfaltozott parkol\u00f3val.\n\n<em>Forr\u00e1s:&nbsp;http:\/\/borvar.hu\/termekkategoria\/pezsgok\/francois-pezsgo\/<\/em>\n\n[\/et_pb_text][et_pb_image src=\"https:\/\/22h.hu\/wp-content\/uploads\/2020\/06\/budafok-anna-utca-9-helyszinrajz.jpg\" _builder_version=\"4.4.8\" hover_enabled=\"0\" show_in_lightbox=\"on\"][\/et_pb_image][\/et_pb_column][et_pb_column type=\"1_5\" _builder_version=\"4.0.11\"][et_pb_image src=\"https:\/\/22h.hu\/wp-content\/uploads\/2020\/01\/boutique-hotel-22-ikon.svg\" disabled_on=\"on|on|off\" _builder_version=\"4.0.11\" filter_opacity=\"10%\"][\/et_pb_image][\/et_pb_column][\/et_pb_row][et_pb_row _builder_version=\"4.4.8\" use_custom_gutter=\"on\" gutter_width=\"2\" hover_enabled=\"0\"][et_pb_column _builder_version=\"4.4.8\" type=\"4_4\"][et_pb_gallery _builder_version=\"4.4.8\" gallery_ids=\"1238,1240,1242,1243,1244,1245,1247,1246\" posts_number=\"12\" show_title_and_caption=\"off\" show_pagination=\"off\" hover_enabled=\"0\"][\/et_pb_gallery][\/et_pb_column][\/et_pb_row][\/et_pb_section]","_et_gb_content_width":"","footnotes":""},"yoast_head":"<!-- This site is optimized with the Yoast SEO plugin v21.5 - https:\/\/yoast.com\/wordpress\/plugins\/seo\/ -->\n<title>About us - Hotel \u00e9s Rendezv\u00e9nyk\u00f6zpont<\/title>\n<meta name=\"robots\" content=\"index, follow, max-snippet:-1, max-image-preview:large, max-video-preview:-1\" \/>\n<link rel=\"canonical\" href=\"https:\/\/22h.hu\/en\/about-us\/\" \/>\n<meta property=\"og:locale\" content=\"en_US\" \/>\n<meta property=\"og:type\" content=\"article\" \/>\n<meta property=\"og:title\" content=\"About us - Hotel \u00e9s Rendezv\u00e9nyk\u00f6zpont\" \/>\n<meta property=\"og:description\" content=\"About usEverything in one place!Louis Fran\u00e7ois, a champagne master from Reims, France, was lured to Hungary by champagne maker J\u00f3zsef T\u00f6rley and after four years of fruitful cooperation he became independent in 1886 and in the meantime founded his own champagne factory under the name Louis Fran\u00e7ois et Co. Budafok with his brother C\u00e9sar, who [&hellip;]\" \/>\n<meta property=\"og:url\" content=\"https:\/\/22h.hu\/en\/about-us\/\" \/>\n<meta property=\"og:site_name\" content=\"Hotel \u00e9s Rendezv\u00e9nyk\u00f6zpont\" \/>\n<meta property=\"article:publisher\" content=\"https:\/\/www.facebook.com\/22hotelesrendezvenykozpont\/\" \/>\n<meta property=\"article:modified_time\" content=\"2020-07-14T15:59:07+00:00\" \/>\n<meta name=\"twitter:card\" content=\"summary_large_image\" \/>\n<meta name=\"twitter:label1\" content=\"Est. reading time\" \/>\n\t<meta name=\"twitter:data1\" content=\"3 minutes\" \/>\n<script type=\"application\/ld+json\" class=\"yoast-schema-graph\">{\"@context\":\"https:\/\/schema.org\",\"@graph\":[{\"@type\":\"WebPage\",\"@id\":\"https:\/\/22h.hu\/en\/about-us\/\",\"url\":\"https:\/\/22h.hu\/en\/about-us\/\",\"name\":\"About us - Hotel \u00e9s Rendezv\u00e9nyk\u00f6zpont\",\"isPartOf\":{\"@id\":\"https:\/\/22h.hu\/#website\"},\"datePublished\":\"2020-07-14T10:12:45+00:00\",\"dateModified\":\"2020-07-14T15:59:07+00:00\",\"breadcrumb\":{\"@id\":\"https:\/\/22h.hu\/en\/about-us\/#breadcrumb\"},\"inLanguage\":\"en-US\",\"potentialAction\":[{\"@type\":\"ReadAction\",\"target\":[\"https:\/\/22h.hu\/en\/about-us\/\"]}]},{\"@type\":\"BreadcrumbList\",\"@id\":\"https:\/\/22h.hu\/en\/about-us\/#breadcrumb\",\"itemListElement\":[{\"@type\":\"ListItem\",\"position\":1,\"name\":\"Home\",\"item\":\"https:\/\/22h.hu\/\"},{\"@type\":\"ListItem\",\"position\":2,\"name\":\"About us\"}]},{\"@type\":\"WebSite\",\"@id\":\"https:\/\/22h.hu\/#website\",\"url\":\"https:\/\/22h.hu\/\",\"name\":\"22 Hotel \u00e9s Rendezv\u00e9nyk\u00f6zpont\",\"description\":\"Leny\u0171g\u00f6z\u0151 hotel \u00e9s rendezv\u00e9nyk\u00f6zpont Budafok k\u00f6zponti r\u00e9sz\u00e9n a XXII. ker\u00fcletben\",\"publisher\":{\"@id\":\"https:\/\/22h.hu\/#organization\"},\"potentialAction\":[{\"@type\":\"SearchAction\",\"target\":{\"@type\":\"EntryPoint\",\"urlTemplate\":\"https:\/\/22h.hu\/?s={search_term_string}\"},\"query-input\":\"required name=search_term_string\"}],\"inLanguage\":\"en-US\"},{\"@type\":\"Organization\",\"@id\":\"https:\/\/22h.hu\/#organization\",\"name\":\"22 Hotel \u00e9s Rendezv\u00e9nyk\u00f6zpont\",\"url\":\"https:\/\/22h.hu\/\",\"logo\":{\"@type\":\"ImageObject\",\"inLanguage\":\"en-US\",\"@id\":\"https:\/\/22h.hu\/#\/schema\/logo\/image\/\",\"url\":\"https:\/\/22h.hu\/wp-content\/uploads\/2020\/03\/rendezveny-hotel-logo.svg\",\"contentUrl\":\"https:\/\/22h.hu\/wp-content\/uploads\/2020\/03\/rendezveny-hotel-logo.svg\",\"width\":1233,\"height\":168,\"caption\":\"22 Hotel \u00e9s Rendezv\u00e9nyk\u00f6zpont\"},\"image\":{\"@id\":\"https:\/\/22h.hu\/#\/schema\/logo\/image\/\"},\"sameAs\":[\"https:\/\/www.facebook.com\/22hotelesrendezvenykozpont\/\",\"https:\/\/www.instagram.com\/22rendezvenykozponteshotel\/\"]}]}<\/script>\n<!-- \/ Yoast SEO plugin. -->","yoast_head_json":{"title":"About us - Hotel \u00e9s Rendezv\u00e9nyk\u00f6zpont","robots":{"index":"index","follow":"follow","max-snippet":"max-snippet:-1","max-image-preview":"max-image-preview:large","max-video-preview":"max-video-preview:-1"},"canonical":"https:\/\/22h.hu\/en\/about-us\/","og_locale":"en_US","og_type":"article","og_title":"About us - Hotel \u00e9s Rendezv\u00e9nyk\u00f6zpont","og_description":"About usEverything in one place!Louis Fran\u00e7ois, a champagne master from Reims, France, was lured to Hungary by champagne maker J\u00f3zsef T\u00f6rley and after four years of fruitful cooperation he became independent in 1886 and in the meantime founded his own champagne factory under the name Louis Fran\u00e7ois et Co. Budafok with his brother C\u00e9sar, who [&hellip;]","og_url":"https:\/\/22h.hu\/en\/about-us\/","og_site_name":"Hotel \u00e9s Rendezv\u00e9nyk\u00f6zpont","article_publisher":"https:\/\/www.facebook.com\/22hotelesrendezvenykozpont\/","article_modified_time":"2020-07-14T15:59:07+00:00","twitter_card":"summary_large_image","twitter_misc":{"Est. reading time":"3 minutes"},"schema":{"@context":"https:\/\/schema.org","@graph":[{"@type":"WebPage","@id":"https:\/\/22h.hu\/en\/about-us\/","url":"https:\/\/22h.hu\/en\/about-us\/","name":"About us - Hotel \u00e9s Rendezv\u00e9nyk\u00f6zpont","isPartOf":{"@id":"https:\/\/22h.hu\/#website"},"datePublished":"2020-07-14T10:12:45+00:00","dateModified":"2020-07-14T15:59:07+00:00","breadcrumb":{"@id":"https:\/\/22h.hu\/en\/about-us\/#breadcrumb"},"inLanguage":"en-US","potentialAction":[{"@type":"ReadAction","target":["https:\/\/22h.hu\/en\/about-us\/"]}]},{"@type":"BreadcrumbList","@id":"https:\/\/22h.hu\/en\/about-us\/#breadcrumb","itemListElement":[{"@type":"ListItem","position":1,"name":"Home","item":"https:\/\/22h.hu\/"},{"@type":"ListItem","position":2,"name":"About us"}]},{"@type":"WebSite","@id":"https:\/\/22h.hu\/#website","url":"https:\/\/22h.hu\/","name":"22 Hotel \u00e9s Rendezv\u00e9nyk\u00f6zpont","description":"Leny\u0171g\u00f6z\u0151 hotel \u00e9s rendezv\u00e9nyk\u00f6zpont Budafok k\u00f6zponti r\u00e9sz\u00e9n a XXII. ker\u00fcletben","publisher":{"@id":"https:\/\/22h.hu\/#organization"},"potentialAction":[{"@type":"SearchAction","target":{"@type":"EntryPoint","urlTemplate":"https:\/\/22h.hu\/?s={search_term_string}"},"query-input":"required name=search_term_string"}],"inLanguage":"en-US"},{"@type":"Organization","@id":"https:\/\/22h.hu\/#organization","name":"22 Hotel \u00e9s Rendezv\u00e9nyk\u00f6zpont","url":"https:\/\/22h.hu\/","logo":{"@type":"ImageObject","inLanguage":"en-US","@id":"https:\/\/22h.hu\/#\/schema\/logo\/image\/","url":"https:\/\/22h.hu\/wp-content\/uploads\/2020\/03\/rendezveny-hotel-logo.svg","contentUrl":"https:\/\/22h.hu\/wp-content\/uploads\/2020\/03\/rendezveny-hotel-logo.svg","width":1233,"height":168,"caption":"22 Hotel \u00e9s Rendezv\u00e9nyk\u00f6zpont"},"image":{"@id":"https:\/\/22h.hu\/#\/schema\/logo\/image\/"},"sameAs":["https:\/\/www.facebook.com\/22hotelesrendezvenykozpont\/","https:\/\/www.instagram.com\/22rendezvenykozponteshotel\/"]}]}},"_links":{"self":[{"href":"https:\/\/22h.hu\/en\/wp-json\/wp\/v2\/pages\/1814"}],"collection":[{"href":"https:\/\/22h.hu\/en\/wp-json\/wp\/v2\/pages"}],"about":[{"href":"https:\/\/22h.hu\/en\/wp-json\/wp\/v2\/types\/page"}],"author":[{"embeddable":true,"href":"https:\/\/22h.hu\/en\/wp-json\/wp\/v2\/users\/1"}],"replies":[{"embeddable":true,"href":"https:\/\/22h.hu\/en\/wp-json\/wp\/v2\/comments?post=1814"}],"version-history":[{"count":0,"href":"https:\/\/22h.hu\/en\/wp-json\/wp\/v2\/pages\/1814\/revisions"}],"wp:attachment":[{"href":"https:\/\/22h.hu\/en\/wp-json\/wp\/v2\/media?parent=1814"}],"curies":[{"name":"wp","href":"https:\/\/api.w.org\/{rel}","templated":true}]}}