{"id":1823,"date":"2020-07-14T12:20:21","date_gmt":"2020-07-14T10:20:21","guid":{"rendered":"https:\/\/22h.hu\/?page_id=1823"},"modified":"2022-04-26T13:54:18","modified_gmt":"2022-04-26T11:54:18","slug":"events","status":"publish","type":"page","link":"https:\/\/22h.hu\/en\/events\/","title":{"rendered":"Events"},"content":{"rendered":"<p>[et_pb_section fb_built=&#8221;1&#8243; fullwidth=&#8221;on&#8221; _builder_version=&#8221;4.0.11&#8243; global_colors_info=&#8221;{}&#8221;][et_pb_fullwidth_header title=&#8221;Events&#8221; text_orientation=&#8221;center&#8221; button_one_text=&#8221;Contact&#8221; button_one_url=&#8221;\/en\/contact\/&#8221; _builder_version=&#8221;4.4.8&#8243; title_font_size=&#8221;72px&#8221; background_color=&#8221;rgba(0,0,0,0.39)&#8221; background_image=&#8221;https:\/\/22h.hu\/wp-content\/uploads\/2020\/03\/22h-rendezveny-hero-2.jpg&#8221; background_blend=&#8221;overlay&#8221; custom_button_one=&#8221;on&#8221; button_one_text_color=&#8221;#ffffff&#8221; button_one_bg_color=&#8221;#b09b66&#8243; button_one_border_color=&#8221;#b09b66&#8243; button_one_border_radius=&#8221;0px&#8221; button_one_letter_spacing=&#8221;2px&#8221; button_one_font=&#8221;Lora||||||||&#8221; button_one_icon=&#8221;%%3%%&#8221; custom_button_two=&#8221;on&#8221; button_two_text_color=&#8221;#ffffff&#8221; button_two_bg_color=&#8221;rgba(255,255,255,0)&#8221; button_two_border_color=&#8221;#ffffff&#8221; button_two_border_radius=&#8221;0px&#8221; button_two_font=&#8221;Lora||||||||&#8221; button_two_icon=&#8221;%%3%%&#8221; custom_padding=&#8221;150px||150px||true|false&#8221; title_font_size_tablet=&#8221;50px&#8221; title_font_size_phone=&#8221;28px&#8221; title_font_size_last_edited=&#8221;on|desktop&#8221; global_colors_info=&#8221;{}&#8221;]<\/p>\n<h2>Everything in one place!<\/h2>\n<p>[\/et_pb_fullwidth_header][\/et_pb_section][et_pb_section fb_built=&#8221;1&#8243; _builder_version=&#8221;4.4.4&#8243; custom_padding=&#8221;0px||0px|||&#8221; global_colors_info=&#8221;{}&#8221;][et_pb_row _builder_version=&#8221;4.11.3&#8243; custom_padding=&#8221;0px|||||&#8221; hover_enabled=&#8221;0&#8243; global_colors_info=&#8221;{}&#8221; column_structure=&#8221;1_2,1_2&#8243; sticky_enabled=&#8221;0&#8243;][et_pb_column type=&#8221;1_2&#8243; _builder_version=&#8221;4.4.4&#8243; global_colors_info=&#8221;{}&#8221;][et_pb_video src=&#8221;https:\/\/youtu.be\/JxvxgwCeL2E&#8221; image_src=&#8221;\/\/i.ytimg.com\/vi\/JxvxgwCeL2E\/hqdefault.jpg&#8221; thumbnail_overlay_color=&#8221;rgba(0,0,0,0.6)&#8221; _builder_version=&#8221;4.4.4&#8243; max_width=&#8221;700px&#8221; module_alignment=&#8221;center&#8221; custom_margin=&#8221;-80px||||false|false&#8221; border_width_all=&#8221;5px&#8221; border_color_all=&#8221;#ffffff&#8221; box_shadow_style=&#8221;preset1&#8243; global_colors_info=&#8221;{}&#8221;][\/et_pb_video][\/et_pb_column][et_pb_column type=&#8221;1_2&#8243; _builder_version=&#8221;4.4.4&#8243; global_colors_info=&#8221;{}&#8221;][et_pb_video src=&#8221;https:\/\/www.youtube.com\/watch?v=fnrHFxGcHLk&#8221; image_src=&#8221;\/\/i.ytimg.com\/vi\/fnrHFxGcHLk\/hqdefault.jpg&#8221; thumbnail_overlay_color=&#8221;rgba(0,0,0,0.6)&#8221; _builder_version=&#8221;4.11.3&#8243; max_width=&#8221;700px&#8221; module_alignment=&#8221;center&#8221; custom_margin=&#8221;-80px||||false|false&#8221; hover_enabled=&#8221;0&#8243; border_width_all=&#8221;5px&#8221; border_color_all=&#8221;#ffffff&#8221; box_shadow_style=&#8221;preset1&#8243; global_colors_info=&#8221;{}&#8221; sticky_enabled=&#8221;0&#8243;][\/et_pb_video][\/et_pb_column][\/et_pb_row][\/et_pb_section][et_pb_section fb_built=&#8221;1&#8243; _builder_version=&#8221;4.4.8&#8243; global_colors_info=&#8221;{}&#8221;][et_pb_row column_structure=&#8221;1_5,3_5,1_5&#8243; _builder_version=&#8221;4.0.11&#8243; global_colors_info=&#8221;{}&#8221;][et_pb_column type=&#8221;1_5&#8243; _builder_version=&#8221;4.0.11&#8243; global_colors_info=&#8221;{}&#8221;][et_pb_image src=&#8221;https:\/\/22h.hu\/wp-content\/uploads\/2020\/01\/boutique-hotel-22-ikon.svg&#8221; disabled_on=&#8221;on|on|off&#8221; _builder_version=&#8221;4.0.11&#8243; filter_opacity=&#8221;10%&#8221; global_colors_info=&#8221;{}&#8221;][\/et_pb_image][\/et_pb_column][et_pb_column type=&#8221;3_5&#8243; _builder_version=&#8221;4.0.11&#8243; global_colors_info=&#8221;{}&#8221;][et_pb_text content_tablet=&#8221;<\/p>\n<h2>Stunning event center in the central part of Budafok in the <span style=%22color: #b09b66;%22>XXII. district<\/span><\/h2>\n<p>&#8221; content_phone=&#8221;<\/p>\n<h2>Stunning event center in the central part of Budafok in the <span style=%22color: #b09b66;%22>XXII. district<\/span><\/h2>\n<p>&#8221; content_last_edited=&#8221;on|phone&#8221; _builder_version=&#8221;4.4.8&#8243; header_2_font_size=&#8221;40px&#8221; text_orientation=&#8221;center&#8221; header_2_font_size_tablet=&#8221;32px&#8221; header_2_font_size_phone=&#8221;28px&#8221; header_2_font_size_last_edited=&#8221;on|phone&#8221; global_colors_info=&#8221;{}&#8221;]<\/p>\n<h2>Stunning event center in the central part of Budafok in the<br \/> <span style=\"color: #b09b66;\"> XXII. district<\/span><\/h2>\n<p>[\/et_pb_text][et_pb_divider _builder_version=&#8221;4.0.11&#8243; width=&#8221;30%&#8221; module_alignment=&#8221;center&#8221; global_colors_info=&#8221;{}&#8221;][\/et_pb_divider][et_pb_text _builder_version=&#8221;4.4.8&#8243; text_orientation=&#8221;center&#8221; custom_padding=&#8221;17px|||||&#8221; global_colors_info=&#8221;{}&#8221;]<\/p>\n<p><strong>Our motto: \u201cEverything at one place\u201d<\/strong><br \/> It\u2019s because this is the Event Center where you will find everything you need for an unforgettable elegant event!<\/p>\n<p>In one place:<br \/> &#8211; four separate function rooms, three of which can even be opened together<br \/> -music and dance floor<br \/> &#8211; furniture specifically for events<br \/> &#8211; kitchen with large industrial machinery<br \/> &#8211; bars<br \/> &#8211; garden<br \/> &#8211; outdoor paved, landscaped event venue for civic ceremonies and for anything else<br \/> &#8211; built gate of happiness<br \/> &#8211; 100 parking spaces<br \/> &#8211; formed, separated smoking space<br \/> &#8211; unique Boutique Hotel with 27 rooms, and with huge terraces<\/p>\n<p>[\/et_pb_text][et_pb_image src=&#8221;https:\/\/22h.hu\/wp-content\/uploads\/2020\/06\/kulteri-helyszin-alaprajz.jpg&#8221; title_text=&#8221;kulteri-helyszin-alaprajz&#8221; _builder_version=&#8221;4.4.8&#8243; global_colors_info=&#8221;{}&#8221;][\/et_pb_image][et_pb_button button_url=&#8221;https:\/\/ths.li\/bTfhNa&#8221; url_new_window=&#8221;on&#8221; button_text=&#8221;360\u00b0 virtual tour&#8221; button_alignment=&#8221;center&#8221; _builder_version=&#8221;4.4.8&#8243; global_colors_info=&#8221;{}&#8221;][\/et_pb_button][\/et_pb_column][et_pb_column type=&#8221;1_5&#8243; _builder_version=&#8221;4.0.11&#8243; global_colors_info=&#8221;{}&#8221;][et_pb_image src=&#8221;https:\/\/22h.hu\/wp-content\/uploads\/2020\/01\/boutique-hotel-22-ikon.svg&#8221; disabled_on=&#8221;on|on|off&#8221; _builder_version=&#8221;4.0.11&#8243; filter_opacity=&#8221;10%&#8221; global_colors_info=&#8221;{}&#8221;][\/et_pb_image][\/et_pb_column][\/et_pb_row][\/et_pb_section][et_pb_section fb_built=&#8221;1&#8243; _builder_version=&#8221;4.3.4&#8243; custom_padding=&#8221;0px||2%||false|false&#8221; global_colors_info=&#8221;{}&#8221;][et_pb_row use_custom_gutter=&#8221;on&#8221; gutter_width=&#8221;1&#8243; _builder_version=&#8221;4.3.4&#8243; width=&#8221;100%&#8221; max_width=&#8221;100%&#8221; custom_margin=&#8221;-52px|auto||auto||&#8221; custom_padding=&#8221;||0px|||&#8221; border_color_all=&#8221;#ffffff&#8221; global_colors_info=&#8221;{}&#8221;][et_pb_column type=&#8221;4_4&#8243; _builder_version=&#8221;4.3.4&#8243; global_colors_info=&#8221;{}&#8221;][et_pb_gallery gallery_ids=&#8221;630,480,478,1776&#8243; show_title_and_caption=&#8221;off&#8221; hover_overlay_color=&#8221;rgba(255,255,255,0.69)&#8221; hover_icon=&#8221;%%52%%&#8221; _builder_version=&#8221;4.4.8&#8243; pagination_text_align=&#8221;center&#8221; custom_margin=&#8221;||-41px|||&#8221; border_width_all=&#8221;5px&#8221; border_color_all=&#8221;#ffffff&#8221; global_colors_info=&#8221;{}&#8221;][\/et_pb_gallery][\/et_pb_column][\/et_pb_row][\/et_pb_section][et_pb_section fb_built=&#8221;1&#8243; _builder_version=&#8221;4.4.8&#8243; custom_padding=&#8221;2%||2%||true|false&#8221; global_colors_info=&#8221;{}&#8221;][et_pb_row column_structure=&#8221;1_4,1_4,1_4,1_4&#8243; use_custom_gutter=&#8221;on&#8221; gutter_width=&#8221;1&#8243; _builder_version=&#8221;4.4.8&#8243; width=&#8221;100%&#8221; max_width=&#8221;100%&#8221; custom_padding=&#8221;0px||0px|||&#8221; global_colors_info=&#8221;{}&#8221;][et_pb_column type=&#8221;1_4&#8243; _builder_version=&#8221;4.4.8&#8243; background_image=&#8221;https:\/\/22h.hu\/wp-content\/uploads\/2020\/07\/kulteri-helyszin-0712-16.jpg&#8221; custom_padding=&#8221;110px||110px||true|false&#8221; filter_saturate=&#8221;0%&#8221; animation_style=&#8221;fade&#8221; animation_direction=&#8221;right&#8221; animation_duration=&#8221;1500ms&#8221; link_option_url=&#8221;\/en\/events\/wedding\/&#8221; border_width_all=&#8221;5px&#8221; border_color_all=&#8221;#ffffff&#8221; global_colors_info=&#8221;{}&#8221; custom_padding__hover_enabled=&#8221;off|hover&#8221; custom_padding__hover=&#8221;115px||115px||true|false&#8221; filter_sepia__hover_enabled=&#8221;off|desktop&#8221; filter_sepia__hover=&#8221;100%&#8221; filter_saturate__hover_enabled=&#8221;on|hover&#8221; filter_saturate__hover=&#8221;100%&#8221;][et_pb_text _builder_version=&#8221;4.4.8&#8243; background_color=&#8221;rgba(255,255,255,0.8)&#8221; text_orientation=&#8221;center&#8221; width=&#8221;70%&#8221; module_alignment=&#8221;center&#8221; custom_padding=&#8221;10px||0px||false|false&#8221; global_colors_info=&#8221;{}&#8221;]<\/p>\n<h3>Wedding<\/h3>\n<p>[\/et_pb_text][\/et_pb_column][et_pb_column type=&#8221;1_4&#8243; _builder_version=&#8221;4.4.8&#8243; background_image=&#8221;https:\/\/22h.hu\/wp-content\/uploads\/2020\/01\/hotel-22-treningek.jpg&#8221; custom_padding=&#8221;110px||110px||true|false&#8221; filter_saturate=&#8221;0%&#8221; animation_style=&#8221;fade&#8221; animation_duration=&#8221;1500ms&#8221; animation_delay=&#8221;250ms&#8221; link_option_url=&#8221;\/en\/events\/corporate-events\/&#8221; border_width_all=&#8221;5px&#8221; border_color_all=&#8221;#ffffff&#8221; global_colors_info=&#8221;{}&#8221; custom_padding__hover=&#8221;115px||115px||true|false&#8221; custom_padding__hover_enabled=&#8221;off|desktop&#8221; filter_sepia__hover_enabled=&#8221;off|hover&#8221; filter_sepia__hover=&#8221;100%&#8221; filter_saturate__hover=&#8221;100%&#8221; filter_saturate__hover_enabled=&#8221;on|hover&#8221;][et_pb_text _builder_version=&#8221;4.4.8&#8243; background_color=&#8221;rgba(255,255,255,0.8)&#8221; text_orientation=&#8221;center&#8221; width=&#8221;70%&#8221; module_alignment=&#8221;center&#8221; custom_padding=&#8221;10px||0px||false|false&#8221; global_colors_info=&#8221;{}&#8221;]<\/p>\n<h3>Corporate events<\/h3>\n<p>[\/et_pb_text][\/et_pb_column][et_pb_column type=&#8221;1_4&#8243; _builder_version=&#8221;4.4.8&#8243; background_image=&#8221;https:\/\/22h.hu\/wp-content\/uploads\/2020\/01\/hotel-22-keresztelo.jpg&#8221; custom_padding=&#8221;110px||110px||true|false&#8221; filter_saturate=&#8221;0%&#8221; animation_style=&#8221;fade&#8221; animation_direction=&#8221;left&#8221; animation_duration=&#8221;1500ms&#8221; animation_delay=&#8221;500ms&#8221; link_option_url=&#8221;\/en\/events\/family-gathering\/&#8221; border_width_all=&#8221;5px&#8221; border_color_all=&#8221;#ffffff&#8221; global_colors_info=&#8221;{}&#8221; custom_padding__hover=&#8221;115px||115px||true|false&#8221; custom_padding__hover_enabled=&#8221;off|desktop&#8221; filter_sepia__hover_enabled=&#8221;off|desktop&#8221; filter_sepia__hover=&#8221;100%&#8221; filter_saturate__hover=&#8221;100%&#8221; filter_saturate__hover_enabled=&#8221;on|hover&#8221;][et_pb_text _builder_version=&#8221;4.4.8&#8243; background_color=&#8221;rgba(255,255,255,0.8)&#8221; text_orientation=&#8221;center&#8221; width=&#8221;70%&#8221; module_alignment=&#8221;center&#8221; custom_padding=&#8221;10px||0px||false|false&#8221; global_colors_info=&#8221;{}&#8221;]<\/p>\n<h3>Family gathering<\/h3>\n<p>[\/et_pb_text][\/et_pb_column][et_pb_column type=&#8221;1_4&#8243; _builder_version=&#8221;4.4.8&#8243; background_image=&#8221;https:\/\/22h.hu\/wp-content\/uploads\/2020\/01\/rendezvenykozpont-hero-teszt.jpg&#8221; custom_padding=&#8221;110px||110px||true|false&#8221; filter_saturate=&#8221;0%&#8221; animation_style=&#8221;fade&#8221; animation_direction=&#8221;left&#8221; animation_duration=&#8221;1500ms&#8221; animation_delay=&#8221;750ms&#8221; link_option_url=&#8221;\/en\/events\/other-events\/&#8221; border_width_all=&#8221;5px&#8221; border_color_all=&#8221;#ffffff&#8221; global_colors_info=&#8221;{}&#8221; custom_padding__hover=&#8221;115px||115px||true|false&#8221; custom_padding__hover_enabled=&#8221;off|hover&#8221; filter_sepia__hover_enabled=&#8221;off|desktop&#8221; filter_sepia__hover=&#8221;100%&#8221; filter_saturate__hover=&#8221;100%&#8221; filter_saturate__hover_enabled=&#8221;on|hover&#8221;][et_pb_text _builder_version=&#8221;4.4.8&#8243; background_color=&#8221;rgba(255,255,255,0.8)&#8221; text_orientation=&#8221;center&#8221; width=&#8221;70%&#8221; module_alignment=&#8221;center&#8221; custom_padding=&#8221;10px||0px||false|false&#8221; global_colors_info=&#8221;{}&#8221;]<\/p>\n<h3>Other events<\/h3>\n<p>[\/et_pb_text][\/et_pb_column][\/et_pb_row][\/et_pb_section]<\/p>\n","protected":false},"excerpt":{"rendered":"<p>Everything in one place!Stunning event center in the central part of Budafok in the XXII. districtOur motto: \u201cEverything at one place\u201d It\u2019s because this is the Event Center where you will find everything you need for an unforgettable elegant event! In one place: &#8211; four separate function rooms, three of which can even be opened [&hellip;]<\/p>\n","protected":false},"author":1,"featured_media":0,"parent":0,"menu_order":0,"comment_status":"closed","ping_status":"closed","template":"","meta":{"_et_pb_use_builder":"on","_et_pb_old_content":"","_et_gb_content_width":"","footnotes":""},"yoast_head":"<!-- This site is optimized with the Yoast SEO plugin v21.5 - https:\/\/yoast.com\/wordpress\/plugins\/seo\/ -->\n<title>Events - Hotel \u00e9s Rendezv\u00e9nyk\u00f6zpont<\/title>\n<meta name=\"robots\" content=\"index, follow, max-snippet:-1, max-image-preview:large, max-video-preview:-1\" \/>\n<link rel=\"canonical\" href=\"https:\/\/22h.hu\/en\/events\/\" \/>\n<meta property=\"og:locale\" content=\"en_US\" \/>\n<meta property=\"og:type\" content=\"article\" \/>\n<meta property=\"og:title\" content=\"Events - Hotel \u00e9s Rendezv\u00e9nyk\u00f6zpont\" \/>\n<meta property=\"og:description\" content=\"Everything in one place!Stunning event center in the central part of Budafok in the XXII. districtOur motto: \u201cEverything at one place\u201d It\u2019s because this is the Event Center where you will find everything you need for an unforgettable elegant event! In one place: - four separate function rooms, three of which can even be opened [&hellip;]\" \/>\n<meta property=\"og:url\" content=\"https:\/\/22h.hu\/en\/events\/\" \/>\n<meta property=\"og:site_name\" content=\"Hotel \u00e9s Rendezv\u00e9nyk\u00f6zpont\" \/>\n<meta property=\"article:publisher\" content=\"https:\/\/www.facebook.com\/22hotelesrendezvenykozpont\/\" \/>\n<meta property=\"article:modified_time\" content=\"2022-04-26T11:54:18+00:00\" \/>\n<meta property=\"og:image\" content=\"https:\/\/22h.hu\/wp-content\/uploads\/2020\/05\/22-rendezveny-borito-3.jpg\" \/>\n<meta name=\"twitter:card\" content=\"summary_large_image\" \/>\n<meta name=\"twitter:label1\" content=\"Est. reading time\" \/>\n\t<meta name=\"twitter:data1\" content=\"7 minutes\" \/>\n<script type=\"application\/ld+json\" class=\"yoast-schema-graph\">{\"@context\":\"https:\/\/schema.org\",\"@graph\":[{\"@type\":\"WebPage\",\"@id\":\"https:\/\/22h.hu\/en\/events\/\",\"url\":\"https:\/\/22h.hu\/en\/events\/\",\"name\":\"Events - Hotel \u00e9s Rendezv\u00e9nyk\u00f6zpont\",\"isPartOf\":{\"@id\":\"https:\/\/22h.hu\/#website\"},\"datePublished\":\"2020-07-14T10:20:21+00:00\",\"dateModified\":\"2022-04-26T11:54:18+00:00\",\"breadcrumb\":{\"@id\":\"https:\/\/22h.hu\/en\/events\/#breadcrumb\"},\"inLanguage\":\"en-US\",\"potentialAction\":[{\"@type\":\"ReadAction\",\"target\":[\"https:\/\/22h.hu\/en\/events\/\"]}]},{\"@type\":\"BreadcrumbList\",\"@id\":\"https:\/\/22h.hu\/en\/events\/#breadcrumb\",\"itemListElement\":[{\"@type\":\"ListItem\",\"position\":1,\"name\":\"Home\",\"item\":\"https:\/\/22h.hu\/\"},{\"@type\":\"ListItem\",\"position\":2,\"name\":\"Events\"}]},{\"@type\":\"WebSite\",\"@id\":\"https:\/\/22h.hu\/#website\",\"url\":\"https:\/\/22h.hu\/\",\"name\":\"22 Hotel \u00e9s Rendezv\u00e9nyk\u00f6zpont\",\"description\":\"Leny\u0171g\u00f6z\u0151 hotel \u00e9s rendezv\u00e9nyk\u00f6zpont Budafok k\u00f6zponti r\u00e9sz\u00e9n a XXII. ker\u00fcletben\",\"publisher\":{\"@id\":\"https:\/\/22h.hu\/#organization\"},\"potentialAction\":[{\"@type\":\"SearchAction\",\"target\":{\"@type\":\"EntryPoint\",\"urlTemplate\":\"https:\/\/22h.hu\/?s={search_term_string}\"},\"query-input\":\"required name=search_term_string\"}],\"inLanguage\":\"en-US\"},{\"@type\":\"Organization\",\"@id\":\"https:\/\/22h.hu\/#organization\",\"name\":\"22 Hotel \u00e9s Rendezv\u00e9nyk\u00f6zpont\",\"url\":\"https:\/\/22h.hu\/\",\"logo\":{\"@type\":\"ImageObject\",\"inLanguage\":\"en-US\",\"@id\":\"https:\/\/22h.hu\/#\/schema\/logo\/image\/\",\"url\":\"https:\/\/22h.hu\/wp-content\/uploads\/2020\/03\/rendezveny-hotel-logo.svg\",\"contentUrl\":\"https:\/\/22h.hu\/wp-content\/uploads\/2020\/03\/rendezveny-hotel-logo.svg\",\"width\":1233,\"height\":168,\"caption\":\"22 Hotel \u00e9s Rendezv\u00e9nyk\u00f6zpont\"},\"image\":{\"@id\":\"https:\/\/22h.hu\/#\/schema\/logo\/image\/\"},\"sameAs\":[\"https:\/\/www.facebook.com\/22hotelesrendezvenykozpont\/\",\"https:\/\/www.instagram.com\/22rendezvenykozponteshotel\/\"]}]}<\/script>\n<!-- \/ Yoast SEO plugin. -->","yoast_head_json":{"title":"Events - Hotel \u00e9s Rendezv\u00e9nyk\u00f6zpont","robots":{"index":"index","follow":"follow","max-snippet":"max-snippet:-1","max-image-preview":"max-image-preview:large","max-video-preview":"max-video-preview:-1"},"canonical":"https:\/\/22h.hu\/en\/events\/","og_locale":"en_US","og_type":"article","og_title":"Events - Hotel \u00e9s Rendezv\u00e9nyk\u00f6zpont","og_description":"Everything in one place!Stunning event center in the central part of Budafok in the XXII. districtOur motto: \u201cEverything at one place\u201d It\u2019s because this is the Event Center where you will find everything you need for an unforgettable elegant event! In one place: - four separate function rooms, three of which can even be opened [&hellip;]","og_url":"https:\/\/22h.hu\/en\/events\/","og_site_name":"Hotel \u00e9s Rendezv\u00e9nyk\u00f6zpont","article_publisher":"https:\/\/www.facebook.com\/22hotelesrendezvenykozpont\/","article_modified_time":"2022-04-26T11:54:18+00:00","og_image":[{"url":"https:\/\/22h.hu\/wp-content\/uploads\/2020\/05\/22-rendezveny-borito-3.jpg"}],"twitter_card":"summary_large_image","twitter_misc":{"Est. reading time":"7 minutes"},"schema":{"@context":"https:\/\/schema.org","@graph":[{"@type":"WebPage","@id":"https:\/\/22h.hu\/en\/events\/","url":"https:\/\/22h.hu\/en\/events\/","name":"Events - Hotel \u00e9s Rendezv\u00e9nyk\u00f6zpont","isPartOf":{"@id":"https:\/\/22h.hu\/#website"},"datePublished":"2020-07-14T10:20:21+00:00","dateModified":"2022-04-26T11:54:18+00:00","breadcrumb":{"@id":"https:\/\/22h.hu\/en\/events\/#breadcrumb"},"inLanguage":"en-US","potentialAction":[{"@type":"ReadAction","target":["https:\/\/22h.hu\/en\/events\/"]}]},{"@type":"BreadcrumbList","@id":"https:\/\/22h.hu\/en\/events\/#breadcrumb","itemListElement":[{"@type":"ListItem","position":1,"name":"Home","item":"https:\/\/22h.hu\/"},{"@type":"ListItem","position":2,"name":"Events"}]},{"@type":"WebSite","@id":"https:\/\/22h.hu\/#website","url":"https:\/\/22h.hu\/","name":"22 Hotel \u00e9s Rendezv\u00e9nyk\u00f6zpont","description":"Leny\u0171g\u00f6z\u0151 hotel \u00e9s rendezv\u00e9nyk\u00f6zpont Budafok k\u00f6zponti r\u00e9sz\u00e9n a XXII. ker\u00fcletben","publisher":{"@id":"https:\/\/22h.hu\/#organization"},"potentialAction":[{"@type":"SearchAction","target":{"@type":"EntryPoint","urlTemplate":"https:\/\/22h.hu\/?s={search_term_string}"},"query-input":"required name=search_term_string"}],"inLanguage":"en-US"},{"@type":"Organization","@id":"https:\/\/22h.hu\/#organization","name":"22 Hotel \u00e9s Rendezv\u00e9nyk\u00f6zpont","url":"https:\/\/22h.hu\/","logo":{"@type":"ImageObject","inLanguage":"en-US","@id":"https:\/\/22h.hu\/#\/schema\/logo\/image\/","url":"https:\/\/22h.hu\/wp-content\/uploads\/2020\/03\/rendezveny-hotel-logo.svg","contentUrl":"https:\/\/22h.hu\/wp-content\/uploads\/2020\/03\/rendezveny-hotel-logo.svg","width":1233,"height":168,"caption":"22 Hotel \u00e9s Rendezv\u00e9nyk\u00f6zpont"},"image":{"@id":"https:\/\/22h.hu\/#\/schema\/logo\/image\/"},"sameAs":["https:\/\/www.facebook.com\/22hotelesrendezvenykozpont\/","https:\/\/www.instagram.com\/22rendezvenykozponteshotel\/"]}]}},"_links":{"self":[{"href":"https:\/\/22h.hu\/en\/wp-json\/wp\/v2\/pages\/1823"}],"collection":[{"href":"https:\/\/22h.hu\/en\/wp-json\/wp\/v2\/pages"}],"about":[{"href":"https:\/\/22h.hu\/en\/wp-json\/wp\/v2\/types\/page"}],"author":[{"embeddable":true,"href":"https:\/\/22h.hu\/en\/wp-json\/wp\/v2\/users\/1"}],"replies":[{"embeddable":true,"href":"https:\/\/22h.hu\/en\/wp-json\/wp\/v2\/comments?post=1823"}],"version-history":[{"count":0,"href":"https:\/\/22h.hu\/en\/wp-json\/wp\/v2\/pages\/1823\/revisions"}],"wp:attachment":[{"href":"https:\/\/22h.hu\/en\/wp-json\/wp\/v2\/media?parent=1823"}],"curies":[{"name":"wp","href":"https:\/\/api.w.org\/{rel}","templated":true}]}}