{"id":1843,"date":"2020-07-14T13:47:42","date_gmt":"2020-07-14T11:47:42","guid":{"rendered":"https:\/\/22h.hu\/?page_id=1843"},"modified":"2025-06-17T11:30:38","modified_gmt":"2025-06-17T09:30:38","slug":"standard-rooms","status":"publish","type":"page","link":"https:\/\/22h.hu\/en\/hotel\/standard-rooms\/","title":{"rendered":"Standard rooms"},"content":{"rendered":"<p>[et_pb_section fb_built=&#8221;1&#8243; _builder_version=&#8221;4.23.1&#8243; background_color=&#8221;rgba(0,0,0,0.34)&#8221; background_image=&#8221;https:\/\/22h.hu\/wp-content\/uploads\/2025\/06\/hero-standard-1.jpg&#8221; background_blend=&#8221;overlay&#8221; custom_padding=&#8221;5%||5%||false|false&#8221; hover_enabled=&#8221;0&#8243; global_colors_info=&#8221;{}&#8221; title_text=&#8221;hero-standard (1)&#8221; sticky_enabled=&#8221;0&#8243;][et_pb_row _builder_version=&#8221;4.16&#8243; global_colors_info=&#8221;{}&#8221;][et_pb_column type=&#8221;4_4&#8243; _builder_version=&#8221;4.16&#8243; global_colors_info=&#8221;{}&#8221;][et_pb_text _builder_version=&#8221;4.16&#8243; header_text_color=&#8221;#ffffff&#8221; header_font_size=&#8221;72px&#8221; text_orientation=&#8221;center&#8221; header_font_size_tablet=&#8221;50px&#8221; header_font_size_phone=&#8221;32px&#8221; header_font_size_last_edited=&#8221;on|desktop&#8221; global_colors_info=&#8221;{}&#8221;]<\/p>\n<h1>Standard rooms<\/h1>\n<p>[\/et_pb_text][\/et_pb_column][\/et_pb_row][\/et_pb_section][et_pb_section fb_built=&#8221;1&#8243; _builder_version=&#8221;4.16&#8243; custom_padding=&#8221;4%||0px||false|false&#8221; global_colors_info=&#8221;{}&#8221;][et_pb_row column_structure=&#8221;1_5,3_5,1_5&#8243; _builder_version=&#8221;4.16&#8243; global_colors_info=&#8221;{}&#8221;][et_pb_column type=&#8221;1_5&#8243; _builder_version=&#8221;4.16&#8243; global_colors_info=&#8221;{}&#8221;][et_pb_image src=&#8221;https:\/\/22h.hu\/wp-content\/uploads\/2020\/01\/boutique-hotel-22-ikon.svg&#8221; disabled_on=&#8221;on|on|off&#8221; _builder_version=&#8221;4.16&#8243; filter_opacity=&#8221;10%&#8221; global_colors_info=&#8221;{}&#8221;][\/et_pb_image][\/et_pb_column][et_pb_column type=&#8221;3_5&#8243; _builder_version=&#8221;4.16&#8243; global_colors_info=&#8221;{}&#8221;][et_pb_text content_last_edited=&#8221;off|desktop&#8221; _builder_version=&#8221;4.16&#8243; header_2_font_size=&#8221;40px&#8221; text_orientation=&#8221;center&#8221; global_colors_info=&#8221;{}&#8221;]<\/p>\n<h2>Standard rooms<br \/> <span style=\"color: #b09b66;\">in the Hotel<\/span><\/h2>\n<p>[\/et_pb_text][et_pb_divider _builder_version=&#8221;4.16&#8243; width=&#8221;30%&#8221; module_alignment=&#8221;center&#8221; global_colors_info=&#8221;{}&#8221;][\/et_pb_divider][et_pb_text _builder_version=&#8221;4.16&#8243; text_font=&#8221;Lora||||||||&#8221; text_font_size=&#8221;20px&#8221; text_orientation=&#8221;center&#8221; global_colors_info=&#8221;{}&#8221;]<\/p>\n<p>Our furniture allows the following designs in the units shown on the floor plans and marked with letters:<\/p>\n<p>[\/et_pb_text][et_pb_text _builder_version=&#8221;4.16&#8243; text_orientation=&#8221;center&#8221; global_colors_info=&#8221;{}&#8221;]<\/p>\n<p><strong>Standard room<\/strong> options: 50-95 euro\/room\/night.<\/p>\n<p>Twin room (1-2 person) F,. G, H, M, S, 22, V, W, X. (50-70 euro\/ night)<br \/>Double bed room (1-2 person) M, P, R, S, 22, V, W, (50-70 euro\/ night)<br \/>Extra bed (1-2-3 person) : M. (55-95 euro\/ night)<br \/> Room + 20 sq. terrace (2 person) : S, V. (55-75 euro\/ night)<\/p>\n<p>[\/et_pb_text][et_pb_button button_url=&#8221;\/en\/booking\/&#8221; button_text=&#8221;Book a room&#8221; button_alignment=&#8221;center&#8221; _builder_version=&#8221;4.16&#8243; global_colors_info=&#8221;{}&#8221;][\/et_pb_button][\/et_pb_column][et_pb_column type=&#8221;1_5&#8243; _builder_version=&#8221;4.16&#8243; global_colors_info=&#8221;{}&#8221;][et_pb_image src=&#8221;https:\/\/22h.hu\/wp-content\/uploads\/2020\/01\/boutique-hotel-22-ikon.svg&#8221; disabled_on=&#8221;on|on|off&#8221; _builder_version=&#8221;4.16&#8243; filter_opacity=&#8221;10%&#8221; global_colors_info=&#8221;{}&#8221;][\/et_pb_image][\/et_pb_column][\/et_pb_row][\/et_pb_section][et_pb_section fb_built=&#8221;1&#8243; _builder_version=&#8221;4.16&#8243; custom_padding=&#8221;0px||3%||false|false&#8221; global_colors_info=&#8221;{}&#8221;][et_pb_row use_custom_gutter=&#8221;on&#8221; gutter_width=&#8221;1&#8243; _builder_version=&#8221;4.16&#8243; width=&#8221;100%&#8221; max_width=&#8221;100%&#8221; custom_padding=&#8221;||0px|||&#8221; border_color_all=&#8221;#ffffff&#8221; global_colors_info=&#8221;{}&#8221;][et_pb_column type=&#8221;4_4&#8243; _builder_version=&#8221;4.16&#8243; global_colors_info=&#8221;{}&#8221;][et_pb_gallery gallery_ids=&#8221;3722,3718,3716,3714,3712,3710,3708,3702,3704,3700,3698,3760,3758,3756,3754,3752,3750,3748,3746,3744,3742,3740,3738,3736,3734,3732,3730,3728,3726,3724,3720,3706&#8243; posts_number=&#8221;8&#8243; show_title_and_caption=&#8221;off&#8221; hover_overlay_color=&#8221;rgba(255,255,255,0.69)&#8221; hover_icon=&#8221;&#x55;||divi||400&#8243; _builder_version=&#8221;4.23.1&#8243; pagination_text_align=&#8221;center&#8221; border_width_all=&#8221;5px&#8221; border_color_all=&#8221;#ffffff&#8221; global_colors_info=&#8221;{}&#8221;][\/et_pb_gallery][\/et_pb_column][\/et_pb_row][\/et_pb_section][et_pb_section fb_built=&#8221;1&#8243; prev_background_color=&#8221;#ffffff&#8221; _builder_version=&#8221;4.4.4&#8243; background_image=&#8221;https:\/\/22h.hu\/wp-content\/uploads\/2020\/06\/IMG_2601-scaled.jpg&#8221; top_divider_style=&#8221;arrow3&#8243; top_divider_height=&#8221;40px&#8221; global_module=&#8221;1841&#8243; saved_tabs=&#8221;all&#8221; global_colors_info=&#8221;{}&#8221;][et_pb_row _builder_version=&#8221;4.16&#8243; global_colors_info=&#8221;{}&#8221;][et_pb_column type=&#8221;4_4&#8243; _builder_version=&#8221;4.16&#8243; background_color=&#8221;rgba(255,255,255,0.8)&#8221; custom_padding=&#8221;||||false|false&#8221; animation_style=&#8221;fade&#8221; global_colors_info=&#8221;{}&#8221;][et_pb_text _builder_version=&#8221;4.23.1&#8243; custom_margin=&#8221;||||false|false&#8221; custom_padding=&#8221;30px|30px|30px|30px|true|true&#8221; global_colors_info=&#8221;{}&#8221;]<\/p>\n<h2>Hotel main data<\/h2>\n<p>The Boutique Hotel is located in South Buda, 15 minutes from the city center, in the XXII. district, in the homeland of champagne, next to T\u00f6rley Castle and T\u00f6rley Hungarikum Museum.<\/p>\n<p>Our hotel is quiet and elegant, in name of the Boutique Hotel, it\u2019s quite homey as well.<\/p>\n<p>The landscaped large 6500 m2 plot on which it is located is bordered by a forest.<\/p>\n<p>If required, our guests can find public transport and a grocery store within 100 meters.<\/p>\n<p>The Savoya Park shopping center, the OBI DIY shop, and the Aldi grocery store is located 500 meters from our hotel.<\/p>\n<p>Nearby is the Campona Shopping Center with the Tropicarium.<\/p>\n<p>We provide a closed, paved parking lot for our guests arriving by car.<\/p>\n<p>There are four suites, twelve kitchenette apartments and eleven rooms all year round for our guests who are on their way to spend their free time or come to events.<\/p>\n<p>All our rooms have a private bathroom, hair dryer, Hitachi led tv, cooling-heating air conditioning.<\/p>\n<p>In the lobby of our 24-hour reception, three tables with chairs and a large semicircular sofa allows our guests to comfortably meet friends. Here there is a refrigerator, coffee machine, hot and cold water machine for the convenience of our guests,<\/p>\n<p>For a rich breakfast, we provide meals prepared in our own kitchen and a separate restaurant.<\/p>\n<p>The hotel, which of three floors has no lift, it can only be reached by stairs.<\/p>\n<p>[\/et_pb_text][\/et_pb_column][\/et_pb_row][\/et_pb_section][et_pb_section fb_built=&#8221;1&#8243; _builder_version=&#8221;4.0.11&#8243; global_module=&#8221;1847&#8243; saved_tabs=&#8221;all&#8221; global_colors_info=&#8221;{}&#8221;][et_pb_row column_structure=&#8221;1_4,1_2,1_4&#8243; _builder_version=&#8221;4.16&#8243; global_colors_info=&#8221;{}&#8221;][et_pb_column type=&#8221;1_4&#8243; _builder_version=&#8221;4.16&#8243; global_colors_info=&#8221;{}&#8221;][\/et_pb_column][et_pb_column type=&#8221;1_2&#8243; _builder_version=&#8221;4.16&#8243; global_colors_info=&#8221;{}&#8221;][et_pb_text _builder_version=&#8221;4.16&#8243; header_2_font_size=&#8221;40px&#8221; text_orientation=&#8221;center&#8221; global_colors_info=&#8221;{}&#8221;]<\/p>\n<h2>Why choose us?<\/h2>\n<p>[\/et_pb_text][et_pb_divider _builder_version=&#8221;4.16&#8243; width=&#8221;30%&#8221; module_alignment=&#8221;center&#8221; global_colors_info=&#8221;{}&#8221;][\/et_pb_divider][\/et_pb_column][et_pb_column type=&#8221;1_4&#8243; _builder_version=&#8221;4.16&#8243; global_colors_info=&#8221;{}&#8221;][\/et_pb_column][\/et_pb_row][et_pb_row column_structure=&#8221;1_4,1_4,1_4,1_4&#8243; use_custom_gutter=&#8221;on&#8221; gutter_width=&#8221;2&#8243; make_equal=&#8221;on&#8221; _builder_version=&#8221;4.16&#8243; global_colors_info=&#8221;{}&#8221;][et_pb_column type=&#8221;1_4&#8243; _builder_version=&#8221;4.16&#8243; custom_padding=&#8221;20px|20px|20px|20px|true|false&#8221; box_shadow_style=&#8221;preset1&#8243; box_shadow_color=&#8221;rgba(175,170,110,0.45)&#8221; global_colors_info=&#8221;{}&#8221;][et_pb_blurb title=&#8221;More than 100 closed car parks for both cars and buses&#8221; image=&#8221;https:\/\/22h.hu\/wp-content\/uploads\/2020\/01\/parking.svg&#8221; image_icon_width=&#8221;50px&#8221; _builder_version=&#8221;4.16&#8243; text_orientation=&#8221;center&#8221; animation=&#8221;off&#8221; image_max_width=&#8221;50px&#8221; global_colors_info=&#8221;{}&#8221;][\/et_pb_blurb][\/et_pb_column][et_pb_column type=&#8221;1_4&#8243; _builder_version=&#8221;4.16&#8243; custom_padding=&#8221;20px|20px|20px|20px|true|false&#8221; box_shadow_style=&#8221;preset1&#8243; box_shadow_color=&#8221;rgba(175,170,110,0.45)&#8221; global_colors_info=&#8221;{}&#8221;][et_pb_blurb title=&#8221;Accessible room for disabled guests&#8221; image=&#8221;https:\/\/22h.hu\/wp-content\/uploads\/2020\/01\/wheelchair.svg&#8221; image_icon_width=&#8221;50px&#8221; _builder_version=&#8221;4.16&#8243; text_orientation=&#8221;center&#8221; animation=&#8221;off&#8221; image_max_width=&#8221;50px&#8221; global_colors_info=&#8221;{}&#8221;][\/et_pb_blurb][\/et_pb_column][et_pb_column type=&#8221;1_4&#8243; _builder_version=&#8221;4.16&#8243; custom_padding=&#8221;20px|20px|20px|20px|true|false&#8221; box_shadow_style=&#8221;preset1&#8243; box_shadow_color=&#8221;rgba(175,170,110,0.45)&#8221; global_colors_info=&#8221;{}&#8221;][et_pb_blurb title=&#8221;24-hour reception&#8221; image=&#8221;https:\/\/22h.hu\/wp-content\/uploads\/2020\/01\/hotel.svg&#8221; image_icon_width=&#8221;50px&#8221; _builder_version=&#8221;4.16&#8243; text_orientation=&#8221;center&#8221; animation=&#8221;off&#8221; image_max_width=&#8221;50px&#8221; global_colors_info=&#8221;{}&#8221;][\/et_pb_blurb][\/et_pb_column][et_pb_column type=&#8221;1_4&#8243; _builder_version=&#8221;4.16&#8243; custom_padding=&#8221;20px|20px|20px|20px|true|false&#8221; box_shadow_style=&#8221;preset1&#8243; box_shadow_color=&#8221;rgba(175,170,110,0.45)&#8221; global_colors_info=&#8221;{}&#8221;][et_pb_blurb title=&#8221;Location 15 minutes from downtown&#8221; image=&#8221;https:\/\/22h.hu\/wp-content\/uploads\/2020\/01\/pin.svg&#8221; image_icon_width=&#8221;50px&#8221; _builder_version=&#8221;4.16&#8243; text_orientation=&#8221;center&#8221; animation=&#8221;off&#8221; image_max_width=&#8221;50px&#8221; global_colors_info=&#8221;{}&#8221;][\/et_pb_blurb][\/et_pb_column][\/et_pb_row][et_pb_row _builder_version=&#8221;4.16&#8243; global_colors_info=&#8221;{}&#8221;][et_pb_column type=&#8221;4_4&#8243; _builder_version=&#8221;4.16&#8243; global_colors_info=&#8221;{}&#8221;][et_pb_button button_url=&#8221;\/en\/booking\/&#8221; button_text=&#8221;Book a room&#8221; button_alignment=&#8221;center&#8221; _builder_version=&#8221;4.23.1&#8243; global_colors_info=&#8221;{}&#8221;][\/et_pb_button][\/et_pb_column][\/et_pb_row][\/et_pb_section][et_pb_section fb_built=&#8221;1&#8243; _builder_version=&#8221;4.16&#8243; custom_padding=&#8221;0%||5%||false|false&#8221; global_colors_info=&#8221;{}&#8221;][et_pb_row _builder_version=&#8221;4.16&#8243; custom_padding=&#8221;0px||0px|||&#8221; global_colors_info=&#8221;{}&#8221;][et_pb_column type=&#8221;4_4&#8243; _builder_version=&#8221;4.16&#8243; global_colors_info=&#8221;{}&#8221;][et_pb_text _builder_version=&#8221;4.16&#8243; header_2_font_size=&#8221;40px&#8221; text_orientation=&#8221;center&#8221; global_colors_info=&#8221;{}&#8221;]<\/p>\n<h2>Other rooms<\/h2>\n<p>[\/et_pb_text][et_pb_divider _builder_version=&#8221;4.16&#8243; width=&#8221;15%&#8221; module_alignment=&#8221;center&#8221; global_colors_info=&#8221;{}&#8221;][\/et_pb_divider][\/et_pb_column][\/et_pb_row][et_pb_row column_structure=&#8221;1_2,1_2&#8243; use_custom_gutter=&#8221;on&#8221; gutter_width=&#8221;1&#8243; _builder_version=&#8221;4.16&#8243; custom_padding=&#8221;0px||0px|||&#8221; global_colors_info=&#8221;{}&#8221;][et_pb_column type=&#8221;1_2&#8243; _builder_version=&#8221;4.16&#8243; background_image=&#8221;https:\/\/22h.hu\/wp-content\/uploads\/2020\/03\/22-h-apartman-galeria-3.jpg&#8221; custom_padding=&#8221;150px||150px||true|false&#8221; filter_saturate=&#8221;0%&#8221; animation_direction=&#8221;right&#8221; link_option_url=&#8221;\/en\/hotel\/apartments\/&#8221; border_width_all=&#8221;5px&#8221; border_color_all=&#8221;#ffffff&#8221; global_colors_info=&#8221;{}&#8221; custom_padding__hover_enabled=&#8221;off|desktop&#8221; custom_padding__hover=&#8221;115px||115px||true|false&#8221; filter_saturate__hover_enabled=&#8221;on|hover&#8221; filter_saturate__hover=&#8221;100%&#8221;][et_pb_text _builder_version=&#8221;4.16&#8243; background_color=&#8221;rgba(255,255,255,0.8)&#8221; text_orientation=&#8221;center&#8221; width=&#8221;70%&#8221; module_alignment=&#8221;center&#8221; custom_padding=&#8221;10px||0px||false|false&#8221; link_option_url=&#8221;\/en\/hotel\/apartments\/&#8221; global_colors_info=&#8221;{}&#8221;]<\/p>\n<h3>Apartments<\/h3>\n<p>[\/et_pb_text][\/et_pb_column][et_pb_column type=&#8221;1_2&#8243; _builder_version=&#8221;4.16&#8243; background_image=&#8221;https:\/\/22h.hu\/wp-content\/uploads\/2020\/03\/22-h-lakosztaly-galeria-1.jpg&#8221; custom_padding=&#8221;150px||150px||true|false&#8221; filter_saturate=&#8221;0%&#8221; link_option_url=&#8221;\/en\/hotel\/suites\/&#8221; border_width_all=&#8221;5px&#8221; border_color_all=&#8221;#ffffff&#8221; global_colors_info=&#8221;{}&#8221; custom_padding__hover=&#8221;115px||115px||true|false&#8221; custom_padding__hover_enabled=&#8221;off|desktop&#8221; filter_saturate__hover_enabled=&#8221;on|hover&#8221; filter_saturate__hover=&#8221;100%&#8221;][et_pb_text _builder_version=&#8221;4.16&#8243; background_color=&#8221;rgba(255,255,255,0.8)&#8221; text_orientation=&#8221;center&#8221; width=&#8221;70%&#8221; module_alignment=&#8221;center&#8221; custom_padding=&#8221;10px||0px||false|false&#8221; link_option_url=&#8221;\/en\/hotel\/suites\/&#8221; global_colors_info=&#8221;{}&#8221;]<\/p>\n<h3>Suites<\/h3>\n<p>[\/et_pb_text][\/et_pb_column][\/et_pb_row][\/et_pb_section]<\/p>\n","protected":false},"excerpt":{"rendered":"<p>Standard roomsStandard rooms in the HotelOur furniture allows the following designs in the units shown on the floor plans and marked with letters:Standard room options: 50-95 euro\/room\/night. Twin room (1-2 person) F,. G, H, M, S, 22, V, W, X. (50-70 euro\/ night)Double bed room (1-2 person) M, P, R, S, 22, V, W, (50-70 [&hellip;]<\/p>\n","protected":false},"author":1,"featured_media":0,"parent":1836,"menu_order":0,"comment_status":"closed","ping_status":"closed","template":"","meta":{"_et_pb_use_builder":"on","_et_pb_old_content":"","_et_gb_content_width":"","footnotes":""},"yoast_head":"<!-- This site is optimized with the Yoast SEO plugin v21.5 - https:\/\/yoast.com\/wordpress\/plugins\/seo\/ -->\n<title>Standard rooms - Hotel \u00e9s Rendezv\u00e9nyk\u00f6zpont<\/title>\n<meta name=\"robots\" content=\"index, follow, max-snippet:-1, max-image-preview:large, max-video-preview:-1\" \/>\n<link rel=\"canonical\" href=\"https:\/\/22h.hu\/en\/hotel\/standard-rooms\/\" \/>\n<meta property=\"og:locale\" content=\"en_US\" \/>\n<meta property=\"og:type\" content=\"article\" \/>\n<meta property=\"og:title\" content=\"Standard rooms - Hotel \u00e9s Rendezv\u00e9nyk\u00f6zpont\" \/>\n<meta property=\"og:description\" content=\"Standard roomsStandard rooms in the HotelOur furniture allows the following designs in the units shown on the floor plans and marked with letters:Standard room options: 50-95 euro\/room\/night. Twin room (1-2 person) F,. G, H, M, S, 22, V, W, X. (50-70 euro\/ night)Double bed room (1-2 person) M, P, R, S, 22, V, W, (50-70 [&hellip;]\" \/>\n<meta property=\"og:url\" content=\"https:\/\/22h.hu\/en\/hotel\/standard-rooms\/\" \/>\n<meta property=\"og:site_name\" content=\"Hotel \u00e9s Rendezv\u00e9nyk\u00f6zpont\" \/>\n<meta property=\"article:publisher\" content=\"https:\/\/www.facebook.com\/22hotelesrendezvenykozpont\/\" \/>\n<meta property=\"article:modified_time\" content=\"2025-06-17T09:30:38+00:00\" \/>\n<meta name=\"twitter:card\" content=\"summary_large_image\" \/>\n<meta name=\"twitter:label1\" content=\"Est. reading time\" \/>\n\t<meta name=\"twitter:data1\" content=\"8 minutes\" \/>\n<script type=\"application\/ld+json\" class=\"yoast-schema-graph\">{\"@context\":\"https:\/\/schema.org\",\"@graph\":[{\"@type\":\"WebPage\",\"@id\":\"https:\/\/22h.hu\/en\/hotel\/standard-rooms\/\",\"url\":\"https:\/\/22h.hu\/en\/hotel\/standard-rooms\/\",\"name\":\"Standard rooms - Hotel \u00e9s Rendezv\u00e9nyk\u00f6zpont\",\"isPartOf\":{\"@id\":\"https:\/\/22h.hu\/#website\"},\"datePublished\":\"2020-07-14T11:47:42+00:00\",\"dateModified\":\"2025-06-17T09:30:38+00:00\",\"breadcrumb\":{\"@id\":\"https:\/\/22h.hu\/en\/hotel\/standard-rooms\/#breadcrumb\"},\"inLanguage\":\"en-US\",\"potentialAction\":[{\"@type\":\"ReadAction\",\"target\":[\"https:\/\/22h.hu\/en\/hotel\/standard-rooms\/\"]}]},{\"@type\":\"BreadcrumbList\",\"@id\":\"https:\/\/22h.hu\/en\/hotel\/standard-rooms\/#breadcrumb\",\"itemListElement\":[{\"@type\":\"ListItem\",\"position\":1,\"name\":\"Home\",\"item\":\"https:\/\/22h.hu\/\"},{\"@type\":\"ListItem\",\"position\":2,\"name\":\"22 Boutique Hotel\",\"item\":\"https:\/\/22h.hu\/en\/hotel\/\"},{\"@type\":\"ListItem\",\"position\":3,\"name\":\"Standard rooms\"}]},{\"@type\":\"WebSite\",\"@id\":\"https:\/\/22h.hu\/#website\",\"url\":\"https:\/\/22h.hu\/\",\"name\":\"22 Hotel \u00e9s Rendezv\u00e9nyk\u00f6zpont\",\"description\":\"Leny\u0171g\u00f6z\u0151 hotel \u00e9s rendezv\u00e9nyk\u00f6zpont Budafok k\u00f6zponti r\u00e9sz\u00e9n a XXII. ker\u00fcletben\",\"publisher\":{\"@id\":\"https:\/\/22h.hu\/#organization\"},\"potentialAction\":[{\"@type\":\"SearchAction\",\"target\":{\"@type\":\"EntryPoint\",\"urlTemplate\":\"https:\/\/22h.hu\/?s={search_term_string}\"},\"query-input\":\"required name=search_term_string\"}],\"inLanguage\":\"en-US\"},{\"@type\":\"Organization\",\"@id\":\"https:\/\/22h.hu\/#organization\",\"name\":\"22 Hotel \u00e9s Rendezv\u00e9nyk\u00f6zpont\",\"url\":\"https:\/\/22h.hu\/\",\"logo\":{\"@type\":\"ImageObject\",\"inLanguage\":\"en-US\",\"@id\":\"https:\/\/22h.hu\/#\/schema\/logo\/image\/\",\"url\":\"https:\/\/22h.hu\/wp-content\/uploads\/2020\/03\/rendezveny-hotel-logo.svg\",\"contentUrl\":\"https:\/\/22h.hu\/wp-content\/uploads\/2020\/03\/rendezveny-hotel-logo.svg\",\"width\":1233,\"height\":168,\"caption\":\"22 Hotel \u00e9s Rendezv\u00e9nyk\u00f6zpont\"},\"image\":{\"@id\":\"https:\/\/22h.hu\/#\/schema\/logo\/image\/\"},\"sameAs\":[\"https:\/\/www.facebook.com\/22hotelesrendezvenykozpont\/\",\"https:\/\/www.instagram.com\/22rendezvenykozponteshotel\/\"]}]}<\/script>\n<!-- \/ Yoast SEO plugin. -->","yoast_head_json":{"title":"Standard rooms - Hotel \u00e9s Rendezv\u00e9nyk\u00f6zpont","robots":{"index":"index","follow":"follow","max-snippet":"max-snippet:-1","max-image-preview":"max-image-preview:large","max-video-preview":"max-video-preview:-1"},"canonical":"https:\/\/22h.hu\/en\/hotel\/standard-rooms\/","og_locale":"en_US","og_type":"article","og_title":"Standard rooms - Hotel \u00e9s Rendezv\u00e9nyk\u00f6zpont","og_description":"Standard roomsStandard rooms in the HotelOur furniture allows the following designs in the units shown on the floor plans and marked with letters:Standard room options: 50-95 euro\/room\/night. Twin room (1-2 person) F,. G, H, M, S, 22, V, W, X. (50-70 euro\/ night)Double bed room (1-2 person) M, P, R, S, 22, V, W, (50-70 [&hellip;]","og_url":"https:\/\/22h.hu\/en\/hotel\/standard-rooms\/","og_site_name":"Hotel \u00e9s Rendezv\u00e9nyk\u00f6zpont","article_publisher":"https:\/\/www.facebook.com\/22hotelesrendezvenykozpont\/","article_modified_time":"2025-06-17T09:30:38+00:00","twitter_card":"summary_large_image","twitter_misc":{"Est. reading time":"8 minutes"},"schema":{"@context":"https:\/\/schema.org","@graph":[{"@type":"WebPage","@id":"https:\/\/22h.hu\/en\/hotel\/standard-rooms\/","url":"https:\/\/22h.hu\/en\/hotel\/standard-rooms\/","name":"Standard rooms - Hotel \u00e9s Rendezv\u00e9nyk\u00f6zpont","isPartOf":{"@id":"https:\/\/22h.hu\/#website"},"datePublished":"2020-07-14T11:47:42+00:00","dateModified":"2025-06-17T09:30:38+00:00","breadcrumb":{"@id":"https:\/\/22h.hu\/en\/hotel\/standard-rooms\/#breadcrumb"},"inLanguage":"en-US","potentialAction":[{"@type":"ReadAction","target":["https:\/\/22h.hu\/en\/hotel\/standard-rooms\/"]}]},{"@type":"BreadcrumbList","@id":"https:\/\/22h.hu\/en\/hotel\/standard-rooms\/#breadcrumb","itemListElement":[{"@type":"ListItem","position":1,"name":"Home","item":"https:\/\/22h.hu\/"},{"@type":"ListItem","position":2,"name":"22 Boutique Hotel","item":"https:\/\/22h.hu\/en\/hotel\/"},{"@type":"ListItem","position":3,"name":"Standard rooms"}]},{"@type":"WebSite","@id":"https:\/\/22h.hu\/#website","url":"https:\/\/22h.hu\/","name":"22 Hotel \u00e9s Rendezv\u00e9nyk\u00f6zpont","description":"Leny\u0171g\u00f6z\u0151 hotel \u00e9s rendezv\u00e9nyk\u00f6zpont Budafok k\u00f6zponti r\u00e9sz\u00e9n a XXII. ker\u00fcletben","publisher":{"@id":"https:\/\/22h.hu\/#organization"},"potentialAction":[{"@type":"SearchAction","target":{"@type":"EntryPoint","urlTemplate":"https:\/\/22h.hu\/?s={search_term_string}"},"query-input":"required name=search_term_string"}],"inLanguage":"en-US"},{"@type":"Organization","@id":"https:\/\/22h.hu\/#organization","name":"22 Hotel \u00e9s Rendezv\u00e9nyk\u00f6zpont","url":"https:\/\/22h.hu\/","logo":{"@type":"ImageObject","inLanguage":"en-US","@id":"https:\/\/22h.hu\/#\/schema\/logo\/image\/","url":"https:\/\/22h.hu\/wp-content\/uploads\/2020\/03\/rendezveny-hotel-logo.svg","contentUrl":"https:\/\/22h.hu\/wp-content\/uploads\/2020\/03\/rendezveny-hotel-logo.svg","width":1233,"height":168,"caption":"22 Hotel \u00e9s Rendezv\u00e9nyk\u00f6zpont"},"image":{"@id":"https:\/\/22h.hu\/#\/schema\/logo\/image\/"},"sameAs":["https:\/\/www.facebook.com\/22hotelesrendezvenykozpont\/","https:\/\/www.instagram.com\/22rendezvenykozponteshotel\/"]}]}},"_links":{"self":[{"href":"https:\/\/22h.hu\/en\/wp-json\/wp\/v2\/pages\/1843"}],"collection":[{"href":"https:\/\/22h.hu\/en\/wp-json\/wp\/v2\/pages"}],"about":[{"href":"https:\/\/22h.hu\/en\/wp-json\/wp\/v2\/types\/page"}],"author":[{"embeddable":true,"href":"https:\/\/22h.hu\/en\/wp-json\/wp\/v2\/users\/1"}],"replies":[{"embeddable":true,"href":"https:\/\/22h.hu\/en\/wp-json\/wp\/v2\/comments?post=1843"}],"version-history":[{"count":0,"href":"https:\/\/22h.hu\/en\/wp-json\/wp\/v2\/pages\/1843\/revisions"}],"up":[{"embeddable":true,"href":"https:\/\/22h.hu\/en\/wp-json\/wp\/v2\/pages\/1836"}],"wp:attachment":[{"href":"https:\/\/22h.hu\/en\/wp-json\/wp\/v2\/media?parent=1843"}],"curies":[{"name":"wp","href":"https:\/\/api.w.org\/{rel}","templated":true}]}}