{"id":1866,"date":"2020-07-14T14:22:17","date_gmt":"2020-07-14T12:22:17","guid":{"rendered":"https:\/\/22h.hu\/?page_id=1866"},"modified":"2024-06-18T17:24:16","modified_gmt":"2024-06-18T15:24:16","slug":"gallery","status":"publish","type":"page","link":"https:\/\/22h.hu\/en\/gallery\/","title":{"rendered":"Gallery"},"content":{"rendered":"<p>[et_pb_section fb_built=&#8221;1&#8243; fullwidth=&#8221;on&#8221; _builder_version=&#8221;4.16&#8243; global_colors_info=&#8221;{}&#8221;][et_pb_fullwidth_header title=&#8221;Gallery&#8221; text_orientation=&#8221;center&#8221; button_one_text=&#8221;Event rooms&#8221; button_one_url=&#8221;#rendezvenytermek&#8221; button_two_text=&#8221;Hotel&#8221; button_two_url=&#8221;#hotel&#8221; _builder_version=&#8221;4.16&#8243; title_font_size=&#8221;72px&#8221; custom_button_one=&#8221;on&#8221; button_one_text_color=&#8221;#b09b66&#8243; button_one_bg_color=&#8221;#ffffff&#8221; button_one_border_color=&#8221;#ffffff&#8221; button_one_icon=&#8221;&#x22;||divi||400&#8243; button_one_icon_color=&#8221;#b09b66&#8243; custom_button_two=&#8221;on&#8221; button_two_text_color=&#8221;#ffffff&#8221; button_two_bg_color=&#8221;rgba(0,0,0,0)&#8221; button_two_border_color=&#8221;#ffffff&#8221; button_two_icon=&#8221;&#x22;||divi||400&#8243; button_two_icon_color=&#8221;#ffffff&#8221; global_colors_info=&#8221;{}&#8221; button_one_text_color__hover_enabled=&#8221;on|hover&#8221; button_one_text_color__hover=&#8221;#b09b66&#8243; button_one_bg_color__hover_enabled=&#8221;on|hover&#8221; button_one_bg_color__hover=&#8221;#fcfcfc&#8221; button_one_bg_enable_color__hover=&#8221;on&#8221; button_one_border_color__hover_enabled=&#8221;on|hover&#8221; button_one_border_color__hover=&#8221;#f7f7f7&#8243; button_two_border_color__hover_enabled=&#8221;on|hover&#8221; button_two_border_color__hover=&#8221;#f2f2f2&#8243;]<\/p>\n<p>Our pictures help to convey the atmosphere of our function rooms and the hotel.<\/p>\n<p>[\/et_pb_fullwidth_header][\/et_pb_section][et_pb_section fb_built=&#8221;1&#8243; module_id=&#8221;rendezvenytermek&#8221; _builder_version=&#8221;4.16&#8243; custom_padding=&#8221;4%||0%||false|false&#8221; global_colors_info=&#8221;{}&#8221;][et_pb_row column_structure=&#8221;1_4,1_2,1_4&#8243; _builder_version=&#8221;4.16&#8243; custom_padding=&#8221;||0px|||&#8221; global_colors_info=&#8221;{}&#8221;][et_pb_column type=&#8221;1_4&#8243; _builder_version=&#8221;4.16&#8243; global_colors_info=&#8221;{}&#8221;][\/et_pb_column][et_pb_column type=&#8221;1_2&#8243; _builder_version=&#8221;4.16&#8243; global_colors_info=&#8221;{}&#8221;][et_pb_text _builder_version=&#8221;4.16&#8243; header_2_font_size=&#8221;40px&#8221; text_orientation=&#8221;center&#8221; header_2_font_size_tablet=&#8221;&#8221; header_2_font_size_phone=&#8221;32px&#8221; header_2_font_size_last_edited=&#8221;on|phone&#8221; global_colors_info=&#8221;{}&#8221;]<\/p>\n<h2>Event rooms<\/h2>\n<p>[\/et_pb_text][et_pb_divider _builder_version=&#8221;4.16&#8243; width=&#8221;30%&#8221; module_alignment=&#8221;center&#8221; global_colors_info=&#8221;{}&#8221;][\/et_pb_divider][\/et_pb_column][et_pb_column type=&#8221;1_4&#8243; _builder_version=&#8221;4.16&#8243; global_colors_info=&#8221;{}&#8221;][\/et_pb_column][\/et_pb_row][et_pb_row use_custom_gutter=&#8221;on&#8221; gutter_width=&#8221;1&#8243; _builder_version=&#8221;4.16&#8243; width=&#8221;100%&#8221; max_width=&#8221;100%&#8221; custom_padding=&#8221;0px|||||&#8221; border_color_all=&#8221;#ffffff&#8221; global_colors_info=&#8221;{}&#8221;][et_pb_column type=&#8221;4_4&#8243; _builder_version=&#8221;4.16&#8243; global_colors_info=&#8221;{}&#8221;][et_pb_gallery gallery_ids=&#8221;482,2002,480,1781,479,478,1779,1777,483,649,487,484,715,716,486,488,525,526,527,528,529,530,648,531,650,712,619,717,1501,1504,1505,1514&#8243; posts_number=&#8221;32&#8243; show_title_and_caption=&#8221;off&#8221; hover_overlay_color=&#8221;rgba(255,255,255,0.69)&#8221; hover_icon=&#8221;&#x55;||divi||400&#8243; _builder_version=&#8221;4.16&#8243; border_width_all=&#8221;5px&#8221; border_color_all=&#8221;#ffffff&#8221; global_colors_info=&#8221;{}&#8221;][\/et_pb_gallery][\/et_pb_column][\/et_pb_row][\/et_pb_section][et_pb_section fb_built=&#8221;1&#8243; module_id=&#8221;hotel&#8221; _builder_version=&#8221;4.16&#8243; custom_padding=&#8221;4%||3%||false|false&#8221; global_colors_info=&#8221;{}&#8221;][et_pb_row column_structure=&#8221;1_4,1_2,1_4&#8243; _builder_version=&#8221;4.16&#8243; custom_padding=&#8221;||0px|||&#8221; global_colors_info=&#8221;{}&#8221;][et_pb_column type=&#8221;1_4&#8243; _builder_version=&#8221;4.16&#8243; global_colors_info=&#8221;{}&#8221;][\/et_pb_column][et_pb_column type=&#8221;1_2&#8243; _builder_version=&#8221;4.16&#8243; global_colors_info=&#8221;{}&#8221;][et_pb_text _builder_version=&#8221;4.16&#8243; header_2_font_size=&#8221;40px&#8221; text_orientation=&#8221;center&#8221; global_colors_info=&#8221;{}&#8221;]<\/p>\n<h2>Hotel<\/h2>\n<p>[\/et_pb_text][et_pb_divider _builder_version=&#8221;4.16&#8243; width=&#8221;30%&#8221; module_alignment=&#8221;center&#8221; global_colors_info=&#8221;{}&#8221;][\/et_pb_divider][\/et_pb_column][et_pb_column type=&#8221;1_4&#8243; _builder_version=&#8221;4.16&#8243; global_colors_info=&#8221;{}&#8221;][\/et_pb_column][\/et_pb_row][et_pb_row use_custom_gutter=&#8221;on&#8221; gutter_width=&#8221;1&#8243; _builder_version=&#8221;4.16&#8243; width=&#8221;100%&#8221; max_width=&#8221;100%&#8221; custom_padding=&#8221;0px|||||&#8221; border_color_all=&#8221;#ffffff&#8221; global_colors_info=&#8221;{}&#8221;][et_pb_column type=&#8221;4_4&#8243; _builder_version=&#8221;4.16&#8243; global_colors_info=&#8221;{}&#8221;][et_pb_gallery gallery_ids=&#8221;513,512,510,502,503,504,505,506,651,617,507,509,511,581,582,580,578,570,568,566,565,544,543,542,539,536,537,620&#8243; posts_number=&#8221;32&#8243; show_title_and_caption=&#8221;off&#8221; hover_overlay_color=&#8221;rgba(255,255,255,0.69)&#8221; hover_icon=&#8221;&#x55;||divi||400&#8243; _builder_version=&#8221;4.16&#8243; border_width_all=&#8221;5px&#8221; border_color_all=&#8221;#ffffff&#8221; global_colors_info=&#8221;{}&#8221;][\/et_pb_gallery][\/et_pb_column][\/et_pb_row][\/et_pb_section]<\/p>\n","protected":false},"excerpt":{"rendered":"<p>Our pictures help to convey the atmosphere of our function rooms and the hotel.Event roomsHotel<\/p>\n","protected":false},"author":1,"featured_media":0,"parent":0,"menu_order":0,"comment_status":"closed","ping_status":"closed","template":"","meta":{"_et_pb_use_builder":"on","_et_pb_old_content":"","_et_gb_content_width":"","footnotes":""},"yoast_head":"<!-- This site is optimized with the Yoast SEO plugin v21.5 - https:\/\/yoast.com\/wordpress\/plugins\/seo\/ -->\n<title>Gallery - Hotel \u00e9s Rendezv\u00e9nyk\u00f6zpont<\/title>\n<meta name=\"robots\" content=\"index, follow, max-snippet:-1, max-image-preview:large, max-video-preview:-1\" \/>\n<link rel=\"canonical\" href=\"https:\/\/22h.hu\/en\/gallery\/\" \/>\n<meta property=\"og:locale\" content=\"en_US\" \/>\n<meta property=\"og:type\" content=\"article\" \/>\n<meta property=\"og:title\" content=\"Gallery - Hotel \u00e9s Rendezv\u00e9nyk\u00f6zpont\" \/>\n<meta property=\"og:description\" content=\"Our pictures help to convey the atmosphere of our function rooms and the hotel.Event roomsHotel\" \/>\n<meta property=\"og:url\" content=\"https:\/\/22h.hu\/en\/gallery\/\" \/>\n<meta property=\"og:site_name\" content=\"Hotel \u00e9s Rendezv\u00e9nyk\u00f6zpont\" \/>\n<meta property=\"article:publisher\" content=\"https:\/\/www.facebook.com\/22hotelesrendezvenykozpont\/\" \/>\n<meta property=\"article:modified_time\" content=\"2024-06-18T15:24:16+00:00\" \/>\n<meta name=\"twitter:card\" content=\"summary_large_image\" \/>\n<meta name=\"twitter:label1\" content=\"Est. reading time\" \/>\n\t<meta name=\"twitter:data1\" content=\"3 minutes\" \/>\n<script type=\"application\/ld+json\" class=\"yoast-schema-graph\">{\"@context\":\"https:\/\/schema.org\",\"@graph\":[{\"@type\":\"WebPage\",\"@id\":\"https:\/\/22h.hu\/en\/gallery\/\",\"url\":\"https:\/\/22h.hu\/en\/gallery\/\",\"name\":\"Gallery - Hotel \u00e9s Rendezv\u00e9nyk\u00f6zpont\",\"isPartOf\":{\"@id\":\"https:\/\/22h.hu\/#website\"},\"datePublished\":\"2020-07-14T12:22:17+00:00\",\"dateModified\":\"2024-06-18T15:24:16+00:00\",\"breadcrumb\":{\"@id\":\"https:\/\/22h.hu\/en\/gallery\/#breadcrumb\"},\"inLanguage\":\"en-US\",\"potentialAction\":[{\"@type\":\"ReadAction\",\"target\":[\"https:\/\/22h.hu\/en\/gallery\/\"]}]},{\"@type\":\"BreadcrumbList\",\"@id\":\"https:\/\/22h.hu\/en\/gallery\/#breadcrumb\",\"itemListElement\":[{\"@type\":\"ListItem\",\"position\":1,\"name\":\"Home\",\"item\":\"https:\/\/22h.hu\/\"},{\"@type\":\"ListItem\",\"position\":2,\"name\":\"Gallery\"}]},{\"@type\":\"WebSite\",\"@id\":\"https:\/\/22h.hu\/#website\",\"url\":\"https:\/\/22h.hu\/\",\"name\":\"22 Hotel \u00e9s Rendezv\u00e9nyk\u00f6zpont\",\"description\":\"Leny\u0171g\u00f6z\u0151 hotel \u00e9s rendezv\u00e9nyk\u00f6zpont Budafok k\u00f6zponti r\u00e9sz\u00e9n a XXII. ker\u00fcletben\",\"publisher\":{\"@id\":\"https:\/\/22h.hu\/#organization\"},\"potentialAction\":[{\"@type\":\"SearchAction\",\"target\":{\"@type\":\"EntryPoint\",\"urlTemplate\":\"https:\/\/22h.hu\/?s={search_term_string}\"},\"query-input\":\"required name=search_term_string\"}],\"inLanguage\":\"en-US\"},{\"@type\":\"Organization\",\"@id\":\"https:\/\/22h.hu\/#organization\",\"name\":\"22 Hotel \u00e9s Rendezv\u00e9nyk\u00f6zpont\",\"url\":\"https:\/\/22h.hu\/\",\"logo\":{\"@type\":\"ImageObject\",\"inLanguage\":\"en-US\",\"@id\":\"https:\/\/22h.hu\/#\/schema\/logo\/image\/\",\"url\":\"https:\/\/22h.hu\/wp-content\/uploads\/2020\/03\/rendezveny-hotel-logo.svg\",\"contentUrl\":\"https:\/\/22h.hu\/wp-content\/uploads\/2020\/03\/rendezveny-hotel-logo.svg\",\"width\":1233,\"height\":168,\"caption\":\"22 Hotel \u00e9s Rendezv\u00e9nyk\u00f6zpont\"},\"image\":{\"@id\":\"https:\/\/22h.hu\/#\/schema\/logo\/image\/\"},\"sameAs\":[\"https:\/\/www.facebook.com\/22hotelesrendezvenykozpont\/\",\"https:\/\/www.instagram.com\/22rendezvenykozponteshotel\/\"]}]}<\/script>\n<!-- \/ Yoast SEO plugin. -->","yoast_head_json":{"title":"Gallery - Hotel \u00e9s Rendezv\u00e9nyk\u00f6zpont","robots":{"index":"index","follow":"follow","max-snippet":"max-snippet:-1","max-image-preview":"max-image-preview:large","max-video-preview":"max-video-preview:-1"},"canonical":"https:\/\/22h.hu\/en\/gallery\/","og_locale":"en_US","og_type":"article","og_title":"Gallery - Hotel \u00e9s Rendezv\u00e9nyk\u00f6zpont","og_description":"Our pictures help to convey the atmosphere of our function rooms and the hotel.Event roomsHotel","og_url":"https:\/\/22h.hu\/en\/gallery\/","og_site_name":"Hotel \u00e9s Rendezv\u00e9nyk\u00f6zpont","article_publisher":"https:\/\/www.facebook.com\/22hotelesrendezvenykozpont\/","article_modified_time":"2024-06-18T15:24:16+00:00","twitter_card":"summary_large_image","twitter_misc":{"Est. reading time":"3 minutes"},"schema":{"@context":"https:\/\/schema.org","@graph":[{"@type":"WebPage","@id":"https:\/\/22h.hu\/en\/gallery\/","url":"https:\/\/22h.hu\/en\/gallery\/","name":"Gallery - Hotel \u00e9s Rendezv\u00e9nyk\u00f6zpont","isPartOf":{"@id":"https:\/\/22h.hu\/#website"},"datePublished":"2020-07-14T12:22:17+00:00","dateModified":"2024-06-18T15:24:16+00:00","breadcrumb":{"@id":"https:\/\/22h.hu\/en\/gallery\/#breadcrumb"},"inLanguage":"en-US","potentialAction":[{"@type":"ReadAction","target":["https:\/\/22h.hu\/en\/gallery\/"]}]},{"@type":"BreadcrumbList","@id":"https:\/\/22h.hu\/en\/gallery\/#breadcrumb","itemListElement":[{"@type":"ListItem","position":1,"name":"Home","item":"https:\/\/22h.hu\/"},{"@type":"ListItem","position":2,"name":"Gallery"}]},{"@type":"WebSite","@id":"https:\/\/22h.hu\/#website","url":"https:\/\/22h.hu\/","name":"22 Hotel \u00e9s Rendezv\u00e9nyk\u00f6zpont","description":"Leny\u0171g\u00f6z\u0151 hotel \u00e9s rendezv\u00e9nyk\u00f6zpont Budafok k\u00f6zponti r\u00e9sz\u00e9n a XXII. ker\u00fcletben","publisher":{"@id":"https:\/\/22h.hu\/#organization"},"potentialAction":[{"@type":"SearchAction","target":{"@type":"EntryPoint","urlTemplate":"https:\/\/22h.hu\/?s={search_term_string}"},"query-input":"required name=search_term_string"}],"inLanguage":"en-US"},{"@type":"Organization","@id":"https:\/\/22h.hu\/#organization","name":"22 Hotel \u00e9s Rendezv\u00e9nyk\u00f6zpont","url":"https:\/\/22h.hu\/","logo":{"@type":"ImageObject","inLanguage":"en-US","@id":"https:\/\/22h.hu\/#\/schema\/logo\/image\/","url":"https:\/\/22h.hu\/wp-content\/uploads\/2020\/03\/rendezveny-hotel-logo.svg","contentUrl":"https:\/\/22h.hu\/wp-content\/uploads\/2020\/03\/rendezveny-hotel-logo.svg","width":1233,"height":168,"caption":"22 Hotel \u00e9s Rendezv\u00e9nyk\u00f6zpont"},"image":{"@id":"https:\/\/22h.hu\/#\/schema\/logo\/image\/"},"sameAs":["https:\/\/www.facebook.com\/22hotelesrendezvenykozpont\/","https:\/\/www.instagram.com\/22rendezvenykozponteshotel\/"]}]}},"_links":{"self":[{"href":"https:\/\/22h.hu\/en\/wp-json\/wp\/v2\/pages\/1866"}],"collection":[{"href":"https:\/\/22h.hu\/en\/wp-json\/wp\/v2\/pages"}],"about":[{"href":"https:\/\/22h.hu\/en\/wp-json\/wp\/v2\/types\/page"}],"author":[{"embeddable":true,"href":"https:\/\/22h.hu\/en\/wp-json\/wp\/v2\/users\/1"}],"replies":[{"embeddable":true,"href":"https:\/\/22h.hu\/en\/wp-json\/wp\/v2\/comments?post=1866"}],"version-history":[{"count":0,"href":"https:\/\/22h.hu\/en\/wp-json\/wp\/v2\/pages\/1866\/revisions"}],"wp:attachment":[{"href":"https:\/\/22h.hu\/en\/wp-json\/wp\/v2\/media?parent=1866"}],"curies":[{"name":"wp","href":"https:\/\/api.w.org\/{rel}","templated":true}]}}