{"id":1915,"date":"2020-07-14T18:12:30","date_gmt":"2020-07-14T16:12:30","guid":{"rendered":"https:\/\/22h.hu\/?page_id=1915"},"modified":"2020-07-20T09:48:09","modified_gmt":"2020-07-20T07:48:09","slug":"corporate-events","status":"publish","type":"page","link":"https:\/\/22h.hu\/en\/events\/corporate-events\/","title":{"rendered":"Corporate events"},"content":{"rendered":"<p>[et_pb_section fb_built=&#8221;1&#8243; _builder_version=&#8221;4.0.11&#8243; background_enable_color=&#8221;off&#8221; use_background_color_gradient=&#8221;on&#8221; background_color_gradient_start=&#8221;rgba(0,0,0,0.43)&#8221; background_color_gradient_end=&#8221;rgba(255,255,255,0)&#8221; background_color_gradient_direction=&#8221;90deg&#8221; background_image=&#8221;https:\/\/22h.hu\/wp-content\/uploads\/2020\/02\/rendezvenykozpont-subpage-hero.jpg&#8221; background_blend=&#8221;overlay&#8221; custom_padding=&#8221;5%||5%||false|false&#8221;][et_pb_row _builder_version=&#8221;4.0.11&#8243;][et_pb_column type=&#8221;4_4&#8243; _builder_version=&#8221;4.0.11&#8243;][et_pb_text _builder_version=&#8221;4.4.8&#8243; header_text_color=&#8221;#ffffff&#8221; header_font_size=&#8221;72px&#8221; header_2_text_color=&#8221;#ffffff&#8221; text_orientation=&#8221;center&#8221; header_font_size_tablet=&#8221;50px&#8221; header_font_size_phone=&#8221;32px&#8221; header_font_size_last_edited=&#8221;on|desktop&#8221;]<\/p>\n<h1>Corporate events<\/h1>\n<h2>Everything at one place!<\/h2>\n<p>[\/et_pb_text][\/et_pb_column][\/et_pb_row][\/et_pb_section][et_pb_section fb_built=&#8221;1&#8243; _builder_version=&#8221;4.0.11&#8243; custom_padding=&#8221;||4%||false|false&#8221;][et_pb_row column_structure=&#8221;1_3,1_3,1_3&#8243; make_equal=&#8221;on&#8221; _builder_version=&#8221;4.0.11&#8243; max_width=&#8221;990px&#8221; custom_margin=&#8221;-100px||||false|false&#8221; custom_margin_tablet=&#8221;-80px||||false|false&#8221; custom_margin_phone=&#8221;-70px||||false|false&#8221; custom_margin_last_edited=&#8221;on|phone&#8221; custom_padding=&#8221;0px|||||&#8221;][et_pb_column type=&#8221;1_3&#8243; _builder_version=&#8221;4.0.11&#8243; background_color=&#8221;#ffffff&#8221; custom_padding=&#8221;20px|20px|20px|20px|true|false&#8221; box_shadow_style=&#8221;preset1&#8243; box_shadow_color=&#8221;rgba(175,170,110,0.45)&#8221;][et_pb_blurb title=&#8221;Elegance&#8221; image=&#8221;https:\/\/22h.hu\/wp-content\/uploads\/2020\/06\/diamond-1-barna.png&#8221; image_max_width=&#8221;60px&#8221; _builder_version=&#8221;4.4.8&#8243; header_text_align=&#8221;center&#8221; animation=&#8221;off&#8221;][\/et_pb_blurb][\/et_pb_column][et_pb_column type=&#8221;1_3&#8243; _builder_version=&#8221;4.0.11&#8243; background_color=&#8221;#ffffff&#8221; custom_padding=&#8221;20px|20px|20px|20px|true|false&#8221; box_shadow_style=&#8221;preset1&#8243; box_shadow_color=&#8221;rgba(175,170,110,0.45)&#8221;][et_pb_blurb title=&#8221;Champagne&#8221; image=&#8221;https:\/\/22h.hu\/wp-content\/uploads\/2020\/06\/drink-barna.png&#8221; image_max_width=&#8221;60px&#8221; _builder_version=&#8221;4.4.8&#8243; header_text_align=&#8221;center&#8221; animation=&#8221;off&#8221;][\/et_pb_blurb][\/et_pb_column][et_pb_column type=&#8221;1_3&#8243; _builder_version=&#8221;4.0.11&#8243; background_color=&#8221;#ffffff&#8221; custom_padding=&#8221;20px|20px|20px|20px|true|false&#8221; box_shadow_style=&#8221;preset1&#8243; box_shadow_color=&#8221;rgba(175,170,110,0.45)&#8221;][et_pb_blurb title=&#8221;Vibe&#8221; image=&#8221;https:\/\/22h.hu\/wp-content\/uploads\/2020\/06\/humor-1.png&#8221; image_max_width=&#8221;60px&#8221; _builder_version=&#8221;4.4.8&#8243; header_text_align=&#8221;center&#8221; animation=&#8221;off&#8221;][\/et_pb_blurb][\/et_pb_column][\/et_pb_row][\/et_pb_section][et_pb_section fb_built=&#8221;1&#8243; _builder_version=&#8221;4.0.11&#8243; custom_padding=&#8221;0px|||||&#8221;][et_pb_row column_structure=&#8221;1_5,3_5,1_5&#8243; _builder_version=&#8221;4.0.11&#8243;][et_pb_column type=&#8221;1_5&#8243; _builder_version=&#8221;4.0.11&#8243;][et_pb_image src=&#8221;https:\/\/22h.hu\/wp-content\/uploads\/2020\/01\/boutique-hotel-22-ikon.svg&#8221; disabled_on=&#8221;on|on|off&#8221; _builder_version=&#8221;4.0.11&#8243; filter_opacity=&#8221;10%&#8221;][\/et_pb_image][\/et_pb_column][et_pb_column type=&#8221;3_5&#8243; _builder_version=&#8221;4.0.11&#8243;][et_pb_text content_last_edited=&#8221;off|desktop&#8221; _builder_version=&#8221;4.4.8&#8243; header_2_font_size=&#8221;40px&#8221; text_orientation=&#8221;center&#8221; header_2_font_size_tablet=&#8221;32px&#8221; header_2_font_size_phone=&#8221;28px&#8221; header_2_font_size_last_edited=&#8221;on|phone&#8221;]<\/p>\n<h2>Elegance and great atmosphere<br \/>for a\u00a0<span color=\"#b09b66\" style=\"color: #b09b66;\">corporate event!<\/span><\/h2>\n<p>[\/et_pb_text][et_pb_divider _builder_version=&#8221;4.0.11&#8243; width=&#8221;30%&#8221; module_alignment=&#8221;center&#8221;][\/et_pb_divider][et_pb_text _builder_version=&#8221;4.4.8&#8243; text_orientation=&#8221;center&#8221; custom_margin=&#8221;||3%||false|false&#8221;]<\/p>\n<p>For a succesful corporate event, a pleasant and comfortable environment, a fully-fledged, flexibly adaptable trained team, and a place where, after the official program, there is an opportunity for a good atmosphere, music-dance casual event, where &#8211; even &#8211; colleagues from different rural locations can meet, have fun and even stay for one or two nights<\/p>\n<p><strong>Our, 6500 sqm landscaped location has everything you need for a corporate event:<\/strong><\/p>\n<p>&#8211; 4 event rooms<br \/>&#8211; furniture and equipment suitable for both sitting and standing reception<br \/>&#8211; a level shift capable of providing a \u201cstage\u201d function.<br \/>&#8211; own kitchen, two bars, cafe<br \/>&#8211; Boutique Hotel with 4 suites, 12 kitchenette apartments, 11 rooms<br \/>&#8211; 1000 sqm rest park<br \/>&#8211; garden<br \/>&#8211; large paved closed car park<br \/>&#8211; Quick-connect metal bracket for recording sound and for lighting technology<br \/>&#8211; 100 sqm dance floor<\/p>\n<p>Furniture blueprints provide significant help in preparing for events. The plans were made according to different concepts, which show the dimensions of the rooms as well as the equipment options. We are at your disposal to find the layout that best suits your event.<\/p>\n<p>[\/et_pb_text][\/et_pb_column][et_pb_column type=&#8221;1_5&#8243; _builder_version=&#8221;4.0.11&#8243;][et_pb_image src=&#8221;https:\/\/22h.hu\/wp-content\/uploads\/2020\/01\/boutique-hotel-22-ikon.svg&#8221; disabled_on=&#8221;on|on|off&#8221; _builder_version=&#8221;4.0.11&#8243; filter_opacity=&#8221;10%&#8221;][\/et_pb_image][\/et_pb_column][\/et_pb_row][et_pb_row column_structure=&#8221;1_4,1_4,1_4,1_4&#8243; _builder_version=&#8221;4.4.4&#8243; custom_margin=&#8221;||||false|false&#8221;][et_pb_column type=&#8221;1_4&#8243; _builder_version=&#8221;4.4.4&#8243;][\/et_pb_column][et_pb_column type=&#8221;1_4&#8243; _builder_version=&#8221;4.4.4&#8243;][et_pb_button button_url=&#8221;https:\/\/22h.hu\/wp-content\/uploads\/2020\/06\/b\u00fatoroz\u00e1s.pdf&#8221; button_text=&#8221;Furniture options&#8221; button_alignment=&#8221;center&#8221; _builder_version=&#8221;4.4.8&#8243;][\/et_pb_button][\/et_pb_column][et_pb_column type=&#8221;1_4&#8243; _builder_version=&#8221;4.4.4&#8243;][et_pb_button button_url=&#8221;\/en\/restaurant-and-bar\/&#8221; button_text=&#8221;Restaurant and bar&#8221; button_alignment=&#8221;center&#8221; _builder_version=&#8221;4.4.8&#8243;][\/et_pb_button][\/et_pb_column][et_pb_column type=&#8221;1_4&#8243; _builder_version=&#8221;4.4.4&#8243;][\/et_pb_column][\/et_pb_row][et_pb_row use_custom_gutter=&#8221;on&#8221; gutter_width=&#8221;2&#8243; _builder_version=&#8221;4.4.8&#8243;][et_pb_column type=&#8221;4_4&#8243; _builder_version=&#8221;4.4.8&#8243;][et_pb_gallery gallery_ids=&#8221;649,630,631,531&#8243; show_title_and_caption=&#8221;off&#8221; show_pagination=&#8221;off&#8221; _builder_version=&#8221;4.4.8&#8243;][\/et_pb_gallery][\/et_pb_column][\/et_pb_row][\/et_pb_section][et_pb_section fb_built=&#8221;1&#8243; _builder_version=&#8221;4.0.11&#8243; custom_padding=&#8221;0px||1.8%||false|false&#8221;][et_pb_row column_structure=&#8221;1_3,1_3,1_3&#8243; use_custom_gutter=&#8221;on&#8221; gutter_width=&#8221;1&#8243; _builder_version=&#8221;4.4.8&#8243; width=&#8221;100%&#8221; max_width=&#8221;100%&#8221; custom_padding=&#8221;||0px|||&#8221; hover_enabled=&#8221;0&#8243;][et_pb_column type=&#8221;1_3&#8243; _builder_version=&#8221;4.4.8&#8243; background_image=&#8221;https:\/\/22h.hu\/wp-content\/uploads\/2020\/07\/kulteri-helyszin-0712-16.jpg&#8221; custom_padding=&#8221;110px||110px||true|false&#8221; filter_saturate=&#8221;0%&#8221; animation_style=&#8221;fade&#8221; animation_direction=&#8221;right&#8221; animation_duration=&#8221;1500ms&#8221; link_option_url=&#8221;\/en\/events\/wedding\/&#8221; hover_enabled=&#8221;0&#8243; border_width_all=&#8221;5px&#8221; border_color_all=&#8221;#ffffff&#8221; custom_padding__hover_enabled=&#8221;off|hover&#8221; custom_padding__hover=&#8221;115px||115px||true|false&#8221; filter_sepia__hover_enabled=&#8221;off|desktop&#8221; filter_sepia__hover=&#8221;100%&#8221; filter_saturate__hover_enabled=&#8221;on|hover&#8221; filter_saturate__hover=&#8221;100%&#8221; title_text=&#8221;kulteri-helyszin-0712-16&#8243;][et_pb_text _builder_version=&#8221;4.4.8&#8243; background_color=&#8221;rgba(255,255,255,0.8)&#8221; text_orientation=&#8221;center&#8221; width=&#8221;70%&#8221; module_alignment=&#8221;center&#8221; custom_padding=&#8221;10px||0px||false|false&#8221;]<\/p>\n<h3>Wedding<\/h3>\n<p>[\/et_pb_text][\/et_pb_column][et_pb_column type=&#8221;1_3&#8243; _builder_version=&#8221;4.4.8&#8243; background_image=&#8221;https:\/\/22h.hu\/wp-content\/uploads\/2020\/01\/hotel-22-keresztelo.jpg&#8221; custom_padding=&#8221;110px||110px||true|false&#8221; filter_saturate=&#8221;0%&#8221; animation_style=&#8221;fade&#8221; animation_direction=&#8221;left&#8221; animation_duration=&#8221;1500ms&#8221; animation_delay=&#8221;500ms&#8221; link_option_url=&#8221;\/en\/events\/family-gathering\/&#8221; border_width_all=&#8221;5px&#8221; border_color_all=&#8221;#ffffff&#8221; custom_padding__hover=&#8221;115px||115px||true|false&#8221; custom_padding__hover_enabled=&#8221;off|desktop&#8221; filter_sepia__hover_enabled=&#8221;off|desktop&#8221; filter_sepia__hover=&#8221;100%&#8221; filter_saturate__hover=&#8221;100%&#8221; filter_saturate__hover_enabled=&#8221;on|hover&#8221;][et_pb_text _builder_version=&#8221;4.4.8&#8243; background_color=&#8221;rgba(255,255,255,0.8)&#8221; text_orientation=&#8221;center&#8221; width=&#8221;70%&#8221; module_alignment=&#8221;center&#8221; custom_padding=&#8221;10px||0px||false|false&#8221;]<\/p>\n<h3>Family gathering<\/h3>\n<p>[\/et_pb_text][\/et_pb_column][et_pb_column type=&#8221;1_3&#8243; _builder_version=&#8221;4.4.8&#8243; background_image=&#8221;https:\/\/22h.hu\/wp-content\/uploads\/2020\/01\/rendezvenykozpont-hero-teszt.jpg&#8221; custom_padding=&#8221;110px||110px||true|false&#8221; filter_saturate=&#8221;0%&#8221; animation_style=&#8221;fade&#8221; animation_direction=&#8221;left&#8221; animation_duration=&#8221;1500ms&#8221; animation_delay=&#8221;750ms&#8221; link_option_url=&#8221;\/en\/events\/other-events\/&#8221; border_width_all=&#8221;5px&#8221; border_color_all=&#8221;#ffffff&#8221; custom_padding__hover=&#8221;115px||115px||true|false&#8221; custom_padding__hover_enabled=&#8221;off|hover&#8221; filter_sepia__hover_enabled=&#8221;off|desktop&#8221; filter_sepia__hover=&#8221;100%&#8221; filter_saturate__hover=&#8221;100%&#8221; filter_saturate__hover_enabled=&#8221;on|hover&#8221;][et_pb_text _builder_version=&#8221;4.4.8&#8243; background_color=&#8221;rgba(255,255,255,0.8)&#8221; text_orientation=&#8221;center&#8221; width=&#8221;70%&#8221; module_alignment=&#8221;center&#8221; custom_padding=&#8221;10px||0px||false|false&#8221;]<\/p>\n<h3>Other events<\/h3>\n<p>[\/et_pb_text][\/et_pb_column][\/et_pb_row][\/et_pb_section]<\/p>\n","protected":false},"excerpt":{"rendered":"<p>Corporate events Everything at one place!Elegance and great atmospherefor a\u00a0corporate event!For a succesful corporate event, a pleasant and comfortable environment, a fully-fledged, flexibly adaptable trained team, and a place where, after the official program, there is an opportunity for a good atmosphere, music-dance casual event, where &#8211; even &#8211; colleagues from different rural locations can [&hellip;]<\/p>\n","protected":false},"author":1,"featured_media":0,"parent":1823,"menu_order":0,"comment_status":"closed","ping_status":"closed","template":"","meta":{"_et_pb_use_builder":"on","_et_pb_old_content":"","_et_gb_content_width":"","footnotes":""},"yoast_head":"<!-- This site is optimized with the Yoast SEO plugin v21.5 - https:\/\/yoast.com\/wordpress\/plugins\/seo\/ -->\n<title>Corporate events - Hotel \u00e9s Rendezv\u00e9nyk\u00f6zpont<\/title>\n<meta name=\"robots\" content=\"index, follow, max-snippet:-1, max-image-preview:large, max-video-preview:-1\" \/>\n<link rel=\"canonical\" href=\"https:\/\/22h.hu\/en\/events\/corporate-events\/\" \/>\n<meta property=\"og:locale\" content=\"en_US\" \/>\n<meta property=\"og:type\" content=\"article\" \/>\n<meta property=\"og:title\" content=\"Corporate events - Hotel \u00e9s Rendezv\u00e9nyk\u00f6zpont\" \/>\n<meta property=\"og:description\" content=\"Corporate events Everything at one place!Elegance and great atmospherefor a\u00a0corporate event!For a succesful corporate event, a pleasant and comfortable environment, a fully-fledged, flexibly adaptable trained team, and a place where, after the official program, there is an opportunity for a good atmosphere, music-dance casual event, where - even - colleagues from different rural locations can [&hellip;]\" \/>\n<meta property=\"og:url\" content=\"https:\/\/22h.hu\/en\/events\/corporate-events\/\" \/>\n<meta property=\"og:site_name\" content=\"Hotel \u00e9s Rendezv\u00e9nyk\u00f6zpont\" \/>\n<meta property=\"article:publisher\" content=\"https:\/\/www.facebook.com\/22hotelesrendezvenykozpont\/\" \/>\n<meta property=\"article:modified_time\" content=\"2020-07-20T07:48:09+00:00\" \/>\n<meta name=\"twitter:card\" content=\"summary_large_image\" \/>\n<meta name=\"twitter:label1\" content=\"Est. reading time\" \/>\n\t<meta name=\"twitter:data1\" content=\"6 minutes\" \/>\n<script type=\"application\/ld+json\" class=\"yoast-schema-graph\">{\"@context\":\"https:\/\/schema.org\",\"@graph\":[{\"@type\":\"WebPage\",\"@id\":\"https:\/\/22h.hu\/en\/events\/corporate-events\/\",\"url\":\"https:\/\/22h.hu\/en\/events\/corporate-events\/\",\"name\":\"Corporate events - Hotel \u00e9s Rendezv\u00e9nyk\u00f6zpont\",\"isPartOf\":{\"@id\":\"https:\/\/22h.hu\/#website\"},\"datePublished\":\"2020-07-14T16:12:30+00:00\",\"dateModified\":\"2020-07-20T07:48:09+00:00\",\"breadcrumb\":{\"@id\":\"https:\/\/22h.hu\/en\/events\/corporate-events\/#breadcrumb\"},\"inLanguage\":\"en-US\",\"potentialAction\":[{\"@type\":\"ReadAction\",\"target\":[\"https:\/\/22h.hu\/en\/events\/corporate-events\/\"]}]},{\"@type\":\"BreadcrumbList\",\"@id\":\"https:\/\/22h.hu\/en\/events\/corporate-events\/#breadcrumb\",\"itemListElement\":[{\"@type\":\"ListItem\",\"position\":1,\"name\":\"Home\",\"item\":\"https:\/\/22h.hu\/\"},{\"@type\":\"ListItem\",\"position\":2,\"name\":\"Events\",\"item\":\"https:\/\/22h.hu\/en\/events\/\"},{\"@type\":\"ListItem\",\"position\":3,\"name\":\"Corporate events\"}]},{\"@type\":\"WebSite\",\"@id\":\"https:\/\/22h.hu\/#website\",\"url\":\"https:\/\/22h.hu\/\",\"name\":\"22 Hotel \u00e9s Rendezv\u00e9nyk\u00f6zpont\",\"description\":\"Leny\u0171g\u00f6z\u0151 hotel \u00e9s rendezv\u00e9nyk\u00f6zpont Budafok k\u00f6zponti r\u00e9sz\u00e9n a XXII. ker\u00fcletben\",\"publisher\":{\"@id\":\"https:\/\/22h.hu\/#organization\"},\"potentialAction\":[{\"@type\":\"SearchAction\",\"target\":{\"@type\":\"EntryPoint\",\"urlTemplate\":\"https:\/\/22h.hu\/?s={search_term_string}\"},\"query-input\":\"required name=search_term_string\"}],\"inLanguage\":\"en-US\"},{\"@type\":\"Organization\",\"@id\":\"https:\/\/22h.hu\/#organization\",\"name\":\"22 Hotel \u00e9s Rendezv\u00e9nyk\u00f6zpont\",\"url\":\"https:\/\/22h.hu\/\",\"logo\":{\"@type\":\"ImageObject\",\"inLanguage\":\"en-US\",\"@id\":\"https:\/\/22h.hu\/#\/schema\/logo\/image\/\",\"url\":\"https:\/\/22h.hu\/wp-content\/uploads\/2020\/03\/rendezveny-hotel-logo.svg\",\"contentUrl\":\"https:\/\/22h.hu\/wp-content\/uploads\/2020\/03\/rendezveny-hotel-logo.svg\",\"width\":1233,\"height\":168,\"caption\":\"22 Hotel \u00e9s Rendezv\u00e9nyk\u00f6zpont\"},\"image\":{\"@id\":\"https:\/\/22h.hu\/#\/schema\/logo\/image\/\"},\"sameAs\":[\"https:\/\/www.facebook.com\/22hotelesrendezvenykozpont\/\",\"https:\/\/www.instagram.com\/22rendezvenykozponteshotel\/\"]}]}<\/script>\n<!-- \/ Yoast SEO plugin. -->","yoast_head_json":{"title":"Corporate events - Hotel \u00e9s Rendezv\u00e9nyk\u00f6zpont","robots":{"index":"index","follow":"follow","max-snippet":"max-snippet:-1","max-image-preview":"max-image-preview:large","max-video-preview":"max-video-preview:-1"},"canonical":"https:\/\/22h.hu\/en\/events\/corporate-events\/","og_locale":"en_US","og_type":"article","og_title":"Corporate events - Hotel \u00e9s Rendezv\u00e9nyk\u00f6zpont","og_description":"Corporate events Everything at one place!Elegance and great atmospherefor a\u00a0corporate event!For a succesful corporate event, a pleasant and comfortable environment, a fully-fledged, flexibly adaptable trained team, and a place where, after the official program, there is an opportunity for a good atmosphere, music-dance casual event, where - even - colleagues from different rural locations can [&hellip;]","og_url":"https:\/\/22h.hu\/en\/events\/corporate-events\/","og_site_name":"Hotel \u00e9s Rendezv\u00e9nyk\u00f6zpont","article_publisher":"https:\/\/www.facebook.com\/22hotelesrendezvenykozpont\/","article_modified_time":"2020-07-20T07:48:09+00:00","twitter_card":"summary_large_image","twitter_misc":{"Est. reading time":"6 minutes"},"schema":{"@context":"https:\/\/schema.org","@graph":[{"@type":"WebPage","@id":"https:\/\/22h.hu\/en\/events\/corporate-events\/","url":"https:\/\/22h.hu\/en\/events\/corporate-events\/","name":"Corporate events - Hotel \u00e9s Rendezv\u00e9nyk\u00f6zpont","isPartOf":{"@id":"https:\/\/22h.hu\/#website"},"datePublished":"2020-07-14T16:12:30+00:00","dateModified":"2020-07-20T07:48:09+00:00","breadcrumb":{"@id":"https:\/\/22h.hu\/en\/events\/corporate-events\/#breadcrumb"},"inLanguage":"en-US","potentialAction":[{"@type":"ReadAction","target":["https:\/\/22h.hu\/en\/events\/corporate-events\/"]}]},{"@type":"BreadcrumbList","@id":"https:\/\/22h.hu\/en\/events\/corporate-events\/#breadcrumb","itemListElement":[{"@type":"ListItem","position":1,"name":"Home","item":"https:\/\/22h.hu\/"},{"@type":"ListItem","position":2,"name":"Events","item":"https:\/\/22h.hu\/en\/events\/"},{"@type":"ListItem","position":3,"name":"Corporate events"}]},{"@type":"WebSite","@id":"https:\/\/22h.hu\/#website","url":"https:\/\/22h.hu\/","name":"22 Hotel \u00e9s Rendezv\u00e9nyk\u00f6zpont","description":"Leny\u0171g\u00f6z\u0151 hotel \u00e9s rendezv\u00e9nyk\u00f6zpont Budafok k\u00f6zponti r\u00e9sz\u00e9n a XXII. ker\u00fcletben","publisher":{"@id":"https:\/\/22h.hu\/#organization"},"potentialAction":[{"@type":"SearchAction","target":{"@type":"EntryPoint","urlTemplate":"https:\/\/22h.hu\/?s={search_term_string}"},"query-input":"required name=search_term_string"}],"inLanguage":"en-US"},{"@type":"Organization","@id":"https:\/\/22h.hu\/#organization","name":"22 Hotel \u00e9s Rendezv\u00e9nyk\u00f6zpont","url":"https:\/\/22h.hu\/","logo":{"@type":"ImageObject","inLanguage":"en-US","@id":"https:\/\/22h.hu\/#\/schema\/logo\/image\/","url":"https:\/\/22h.hu\/wp-content\/uploads\/2020\/03\/rendezveny-hotel-logo.svg","contentUrl":"https:\/\/22h.hu\/wp-content\/uploads\/2020\/03\/rendezveny-hotel-logo.svg","width":1233,"height":168,"caption":"22 Hotel \u00e9s Rendezv\u00e9nyk\u00f6zpont"},"image":{"@id":"https:\/\/22h.hu\/#\/schema\/logo\/image\/"},"sameAs":["https:\/\/www.facebook.com\/22hotelesrendezvenykozpont\/","https:\/\/www.instagram.com\/22rendezvenykozponteshotel\/"]}]}},"_links":{"self":[{"href":"https:\/\/22h.hu\/en\/wp-json\/wp\/v2\/pages\/1915"}],"collection":[{"href":"https:\/\/22h.hu\/en\/wp-json\/wp\/v2\/pages"}],"about":[{"href":"https:\/\/22h.hu\/en\/wp-json\/wp\/v2\/types\/page"}],"author":[{"embeddable":true,"href":"https:\/\/22h.hu\/en\/wp-json\/wp\/v2\/users\/1"}],"replies":[{"embeddable":true,"href":"https:\/\/22h.hu\/en\/wp-json\/wp\/v2\/comments?post=1915"}],"version-history":[{"count":0,"href":"https:\/\/22h.hu\/en\/wp-json\/wp\/v2\/pages\/1915\/revisions"}],"up":[{"embeddable":true,"href":"https:\/\/22h.hu\/en\/wp-json\/wp\/v2\/pages\/1823"}],"wp:attachment":[{"href":"https:\/\/22h.hu\/en\/wp-json\/wp\/v2\/media?parent=1915"}],"curies":[{"name":"wp","href":"https:\/\/api.w.org\/{rel}","templated":true}]}}